{"id":1622,"date":"2018-08-29T06:46:05","date_gmt":"2018-08-29T06:46:05","guid":{"rendered":"https:\/\/wp.xpeedstudio.com\/upturn\/?page_id=1622"},"modified":"2021-03-31T06:56:38","modified_gmt":"2021-03-31T06:56:38","slug":"projects","status":"publish","type":"page","link":"https:\/\/moonmarketing.agency\/sk\/projekty\/","title":{"rendered":"Projekty"},"content":{"rendered":"<div data-elementor-type=\"wp-post\" data-elementor-id=\"1622\" class=\"elementor elementor-1622\">\n\t\t\t\t\t\t<section class=\"elementor-section elementor-top-section elementor-element elementor-element-5d01cb2 elementor-section-boxed elementor-section-height-default elementor-section-height-default\" data-id=\"5d01cb2\" data-element_type=\"section\">\n\t\t\t\t\t\t<div class=\"elementor-container elementor-column-gap-default\">\n\t\t\t\t\t<div class=\"elementor-column elementor-col-100 elementor-top-column elementor-element elementor-element-9fddf95\" data-id=\"9fddf95\" data-element_type=\"column\">\n\t\t\t<div class=\"elementor-widget-wrap elementor-element-populated\">\n\t\t\t\t\t\t<div class=\"elementor-element elementor-element-31acf76 elementor-widget elementor-widget-xs-heading\" data-id=\"31acf76\" data-element_type=\"widget\" data-settings=\"{&quot;ekit_we_effect_on&quot;:&quot;none&quot;}\" data-widget_type=\"xs-heading.default\">\n\t\t\t\t<div class=\"elementor-widget-container\">\n\t\t\t\t\t<div class=\"xs-heading text-center\">\n            <h3 class=\"section-subtitle\">Na\u0161e portf\u00f3lio<\/h3>\n                <h2 class=\"section-title\">Najnov\u0161ie projekty<\/h2>\n        <\/div>\t\t\t\t<\/div>\n\t\t\t\t<\/div>\n\t\t\t\t\t<\/div>\n\t\t<\/div>\n\t\t\t\t\t<\/div>\n\t\t<\/section>\n\t\t\t\t<section class=\"elementor-section elementor-top-section elementor-element elementor-element-5d25761 elementor-section-boxed elementor-section-height-default elementor-section-height-default\" data-id=\"5d25761\" data-element_type=\"section\">\n\t\t\t\t\t\t<div class=\"elementor-container elementor-column-gap-default\">\n\t\t\t\t\t<div class=\"elementor-column elementor-col-100 elementor-top-column elementor-element elementor-element-7a2e404\" data-id=\"7a2e404\" data-element_type=\"column\">\n\t\t\t<div class=\"elementor-widget-wrap elementor-element-populated\">\n\t\t\t\t\t\t<div class=\"elementor-element elementor-element-274a812 elementor-widget elementor-widget-xs-portfolio\" data-id=\"274a812\" data-element_type=\"widget\" data-settings=\"{&quot;ekit_we_effect_on&quot;:&quot;none&quot;}\" data-widget_type=\"xs-portfolio.default\">\n\t\t\t\t<div class=\"elementor-widget-container\">\n\t\t\t\t\t            <div class=\"agency-filter-wraper\">\n                <div class=\"filter-button-wraper\">\n                    <ul id=\"filters\" class=\"option-set clearfix main-filter\" data-option-key=\"filter\">\n                        <li><a href=\"#\" data-option-value=\"*\" class=\"selected\">All<\/a><\/li>\n                                                            <li><a href=\"#\" data-option-value=\".digital-marketing\" >Digit\u00e1lny marketing<\/a><\/li>                    \n                                                            <li><a href=\"#\" data-option-value=\".linkedin\" >LinkedIn<\/a><\/li>                    \n                                                            <li><a href=\"#\" data-option-value=\".website-development\" >V\u00fdvoj webov\u00fdch str\u00e1nok<\/a><\/li>                    \n                                                <\/ul>\n                <\/div>\n            <\/div>\n                          <div class=\"cases-grid\">\n                <div class=\"cases-grid-item digital-marketing linkedin\">\n    <div class=\"single-cases-card\">\n        <div class=\"card-image\">\n                        <img decoding=\"async\" data-src=\"https:\/\/moonmarketing.agency\/wp-content\/uploads\/2021\/03\/Olejar-Safety.png\" alt=\"Olejar Safety\" src=\"data:image\/svg+xml;base64,PHN2ZyB3aWR0aD0iMSIgaGVpZ2h0PSIxIiB4bWxucz0iaHR0cDovL3d3dy53My5vcmcvMjAwMC9zdmciPjwvc3ZnPg==\" class=\"lazyload\" style=\"--smush-placeholder-width: 1527px; --smush-placeholder-aspect-ratio: 1527\/385;\">\n            <div class=\"hover-area\">\n                <a href=\"https:\/\/moonmarketing.agency\/sk\/portfolio\/olejar-safety-sk\/\"><i class=\"icon icon-bullhorn\"><\/i><\/a>\n            <\/div>\n             \n        <\/div>\n        <div class=\"cases-content\">\n            <h2 class=\"xs-title\">\n                <a href=\"https:\/\/moonmarketing.agency\/sk\/portfolio\/olejar-safety-sk\/\">Olejar Safety<\/a>\n            <\/h2>\n\n            \n\n            <span class=\"tag\">Digital Marketing, LinkedIn<\/span>\n        <\/div>\n    <\/div>\n<\/div><div class=\"cases-grid-item website-development\">\n    <div class=\"single-cases-card\">\n        <div class=\"card-image\">\n                        <img decoding=\"async\" data-src=\"https:\/\/moonmarketing.agency\/wp-content\/uploads\/2021\/03\/Ewing-Partners.png\" alt=\"Ewing Partners\" src=\"data:image\/svg+xml;base64,PHN2ZyB3aWR0aD0iMSIgaGVpZ2h0PSIxIiB4bWxucz0iaHR0cDovL3d3dy53My5vcmcvMjAwMC9zdmciPjwvc3ZnPg==\" class=\"lazyload\" style=\"--smush-placeholder-width: 600px; --smush-placeholder-aspect-ratio: 600\/350;\">\n            <div class=\"hover-area\">\n                <a href=\"https:\/\/moonmarketing.agency\/sk\/portfolio\/ewing-partners-sk\/\"><i class=\"icon icon-bullhorn\"><\/i><\/a>\n            <\/div>\n             \n        <\/div>\n        <div class=\"cases-content\">\n            <h2 class=\"xs-title\">\n                <a href=\"https:\/\/moonmarketing.agency\/sk\/portfolio\/ewing-partners-sk\/\">Ewing Partners<\/a>\n            <\/h2>\n\n            \n\n            <span class=\"tag\">V\u00fdvoj webov\u00fdch str\u00e1nok<\/span>\n        <\/div>\n    <\/div>\n<\/div><div class=\"cases-grid-item digital-marketing\">\n    <div class=\"single-cases-card\">\n        <div class=\"card-image\">\n                        <img decoding=\"async\" data-src=\"https:\/\/moonmarketing.agency\/wp-content\/uploads\/2021\/03\/Simple-mobile-tools.png\" alt=\"Simple Mobile Tools\" src=\"data:image\/svg+xml;base64,PHN2ZyB3aWR0aD0iMSIgaGVpZ2h0PSIxIiB4bWxucz0iaHR0cDovL3d3dy53My5vcmcvMjAwMC9zdmciPjwvc3ZnPg==\" class=\"lazyload\" style=\"--smush-placeholder-width: 3000px; --smush-placeholder-aspect-ratio: 3000\/900;\">\n            <div class=\"hover-area\">\n                <a href=\"https:\/\/moonmarketing.agency\/sk\/portfolio\/simple-mobile-tools-sk\/\"><i class=\"icon icon-bullhorn\"><\/i><\/a>\n            <\/div>\n             \n        <\/div>\n        <div class=\"cases-content\">\n            <h2 class=\"xs-title\">\n                <a href=\"https:\/\/moonmarketing.agency\/sk\/portfolio\/simple-mobile-tools-sk\/\">Simple Mobile Tools<\/a>\n            <\/h2>\n\n            \n\n            <span class=\"tag\">Digit\u00e1lny marketing<\/span>\n        <\/div>\n    <\/div>\n<\/div>              <\/div>\n            \t\t\t\t<\/div>\n\t\t\t\t<\/div>\n\t\t\t\t\t<\/div>\n\t\t<\/div>\n\t\t\t\t\t<\/div>\n\t\t<\/section>\n\t\t\t\t<section class=\"elementor-section elementor-top-section elementor-element elementor-element-88c4d0d elementor-section-boxed elementor-section-height-default elementor-section-height-default\" data-id=\"88c4d0d\" data-element_type=\"section\">\n\t\t\t\t\t\t<div class=\"elementor-container elementor-column-gap-default\">\n\t\t\t\t\t<div class=\"elementor-column elementor-col-100 elementor-top-column elementor-element elementor-element-844d23d\" data-id=\"844d23d\" data-element_type=\"column\">\n\t\t\t<div class=\"elementor-widget-wrap elementor-element-populated\">\n\t\t\t\t\t\t<div class=\"elementor-element elementor-element-215f965 elementor-widget elementor-widget-spacer\" data-id=\"215f965\" data-element_type=\"widget\" data-settings=\"{&quot;ekit_we_effect_on&quot;:&quot;none&quot;}\" data-widget_type=\"spacer.default\">\n\t\t\t\t<div class=\"elementor-widget-container\">\n\t\t\t\t\t\t\t<div class=\"elementor-spacer\">\n\t\t\t<div class=\"elementor-spacer-inner\"><\/div>\n\t\t<\/div>\n\t\t\t\t\t\t<\/div>\n\t\t\t\t<\/div>\n\t\t\t\t<div class=\"elementor-element elementor-element-23d6e70 elementor-widget elementor-widget-heading\" data-id=\"23d6e70\" data-element_type=\"widget\" data-settings=\"{&quot;ekit_we_effect_on&quot;:&quot;none&quot;}\" data-widget_type=\"heading.default\">\n\t\t\t\t<div class=\"elementor-widget-container\">\n\t\t\t\t\t<h2 class=\"elementor-heading-title elementor-size-default\">M\u00e1te z\u00e1ujem s nami spolupracova\u0165?<\/h2>\t\t\t\t<\/div>\n\t\t\t\t<\/div>\n\t\t\t\t<div class=\"elementor-element elementor-element-d8b8902 elementor-widget elementor-widget-text-editor\" data-id=\"d8b8902\" data-element_type=\"widget\" data-settings=\"{&quot;ekit_we_effect_on&quot;:&quot;none&quot;}\" data-widget_type=\"text-editor.default\">\n\t\t\t\t<div class=\"elementor-widget-container\">\n\t\t\t\t\t\t\t\t\t<p style=\"text-align: center;\"><span style=\"color: #000000;\">You\u2019ve got nothing to lose with a quick conversation and a free quote!<\/span><\/p><p style=\"text-align: center;\"><span style=\"color: #000000;\">Zavolajte n\u00e1m na telef\u00f3nne \u010d\u00edslo +421 917 373 508 alebo vypl\u0148te kontaktn\u00fd formul\u00e1r ni\u017e\u0161ie a my sa v\u00e1m ozveme.<\/span><\/p>\t\t\t\t\t\t\t\t<\/div>\n\t\t\t\t<\/div>\n\t\t\t\t<div class=\"elementor-element elementor-element-1563779 elementor-widget elementor-widget-spacer\" data-id=\"1563779\" data-element_type=\"widget\" data-settings=\"{&quot;ekit_we_effect_on&quot;:&quot;none&quot;}\" data-widget_type=\"spacer.default\">\n\t\t\t\t<div class=\"elementor-widget-container\">\n\t\t\t\t\t\t\t<div class=\"elementor-spacer\">\n\t\t\t<div class=\"elementor-spacer-inner\"><\/div>\n\t\t<\/div>\n\t\t\t\t\t\t<\/div>\n\t\t\t\t<\/div>\n\t\t\t\t\t<\/div>\n\t\t<\/div>\n\t\t\t\t\t<\/div>\n\t\t<\/section>\n\t\t\t\t<section class=\"elementor-section elementor-top-section elementor-element elementor-element-aac5895 elementor-section-boxed elementor-section-height-default elementor-section-height-default\" data-id=\"aac5895\" data-element_type=\"section\">\n\t\t\t\t\t\t<div class=\"elementor-container elementor-column-gap-default\">\n\t\t\t\t\t<div class=\"elementor-column elementor-col-100 elementor-top-column elementor-element elementor-element-02079d1\" data-id=\"02079d1\" data-element_type=\"column\">\n\t\t\t<div class=\"elementor-widget-wrap elementor-element-populated\">\n\t\t\t\t\t\t<div class=\"elementor-element elementor-element-d97374e elementor-widget elementor-widget-elementskit-contact-form7\" data-id=\"d97374e\" data-element_type=\"widget\" data-settings=\"{&quot;ekit_we_effect_on&quot;:&quot;none&quot;}\" data-widget_type=\"elementskit-contact-form7.default\">\n\t\t\t\t<div class=\"elementor-widget-container\">\n\t\t\t\t\t<div class=\"ekit-wid-con\" ><div class=\"ekit-form\">\n<div class=\"wpcf7 no-js\" id=\"wpcf7-f5-o1\" lang=\"en-US\" dir=\"ltr\">\n<div class=\"screen-reader-response\"><p role=\"status\" aria-live=\"polite\" aria-atomic=\"true\"><\/p> <ul><\/ul><\/div>\n<form action=\"\/sk\/wp-json\/wp\/v2\/pages\/1622#wpcf7-f5-o1\" method=\"post\" class=\"wpcf7-form init\" aria-label=\"Contact form\" novalidate=\"novalidate\" data-status=\"init\" data-trp-original-action=\"\/sk\/wp-json\/wp\/v2\/pages\/1622#wpcf7-f5-o1\">\n<div style=\"display: none;\">\n<input type=\"hidden\" name=\"_wpcf7\" value=\"5\" \/>\n<input type=\"hidden\" name=\"_wpcf7_version\" value=\"5.9.8\" \/>\n<input type=\"hidden\" name=\"_wpcf7_locale\" value=\"en_US\" \/>\n<input type=\"hidden\" name=\"_wpcf7_unit_tag\" value=\"wpcf7-f5-o1\" \/>\n<input type=\"hidden\" name=\"_wpcf7_container_post\" value=\"0\" \/>\n<input type=\"hidden\" name=\"_wpcf7_posted_data_hash\" value=\"\" \/>\n<input type=\"hidden\" name=\"_wpcf7_recaptcha_response\" value=\"\" \/>\n<\/div>\n<div class=\"contact-from-wraper wow fadeIn\">\n\t<div class=\"xs-from\" id=\"xs-contact-form\">\n\t\t<div class=\"row\">\n\t\t\t<div class=\"col-lg-6\">\n\t\t\t\t<div class=\"form-group\">\n\t\t\t\t\t<p><span class=\"wpcf7-form-control-wrap\" data-name=\"your-name\"><input size=\"40\" maxlength=\"400\" class=\"wpcf7-form-control wpcf7-text form-control\" id=\"xs_contact_name\" aria-invalid=\"false\" placeholder=\"Meno *\" value=\"\" type=\"text\" name=\"your-name\" \/><\/span>\n\t\t\t\t\t<\/p>\n\t\t\t\t<\/div>\n\t\t\t<\/div>\n\t\t\t<div class=\"col-lg-6\">\n\t\t\t\t<div class=\"form-group\">\n\t\t\t\t\t<p><span class=\"wpcf7-form-control-wrap\" data-name=\"your-email\"><input size=\"40\" maxlength=\"400\" class=\"wpcf7-form-control wpcf7-email wpcf7-validates-as-required wpcf7-text wpcf7-validates-as-email form-control\" id=\"xs_contact_email\" aria-required=\"true\" aria-invalid=\"false\" placeholder=\"Email *\" value=\"\" type=\"email\" name=\"your-email\" \/><\/span>\n\t\t\t\t\t<\/p>\n\t\t\t\t<\/div>\n\t\t\t<\/div>\n\t\t\t<div class=\"col-lg-6\">\n\t\t\t\t<div class=\"form-group\">\n\t\t\t\t\t<p><span class=\"wpcf7-form-control-wrap\" data-name=\"your-phone\"><input size=\"40\" maxlength=\"400\" class=\"wpcf7-form-control wpcf7-tel wpcf7-validates-as-required wpcf7-text wpcf7-validates-as-tel form-control\" id=\"xs_contact_phone\" aria-required=\"true\" aria-invalid=\"false\" placeholder=\"Tel. \u010d\u00edslo *\" value=\"\" type=\"tel\" name=\"your-phone\" \/><\/span>\n\t\t\t\t\t<\/p>\n\t\t\t\t<\/div>\n\t\t\t<\/div>\n\t\t\t<div class=\"col-lg-6\">\n\t\t\t\t<div class=\"form-group\">\n\t\t\t\t\t<p><span class=\"wpcf7-form-control-wrap\" data-name=\"your-subject\"><input size=\"40\" maxlength=\"400\" class=\"wpcf7-form-control wpcf7-text form-control\" id=\"xs_contact_subject\" aria-invalid=\"false\" placeholder=\"Predmet\" value=\"\" type=\"text\" name=\"your-subject\" \/><\/span>\n\t\t\t\t\t<\/p>\n\t\t\t\t<\/div>\n\t\t\t<\/div>\n\t\t<\/div>\n\t\t<div class=\"form-group\">\n\t\t\t<p><span class=\"wpcf7-form-control-wrap\" data-name=\"your-message\"><textarea cols=\"40\" rows=\"10\" maxlength=\"2000\" class=\"wpcf7-form-control wpcf7-textarea form-control\" id=\"x_contact_massage\" aria-invalid=\"false\" name=\"your-message\">Your Message *<\/textarea><\/span>\n\t\t\t<\/p>\n\t\t<\/div>\n\t\t<div class=\"text-center\">\n\t\t\t<p><input class=\"wpcf7-form-control wpcf7-submit has-spinner btn btn-primary style2\" id=\"xs_contact_submit\" type=\"submit\" value=\"Odosla\u0165\" \/>\n\t\t\t<\/p>\n\t\t<\/div>\n\t<\/div>\n<\/div><div class=\"wpcf7-response-output\" aria-hidden=\"true\"><\/div>\n<input type=\"hidden\" name=\"trp-form-language\" value=\"sk\"\/><\/form>\n<\/div>\n<\/div><\/div>\t\t\t\t<\/div>\n\t\t\t\t<\/div>\n\t\t\t\t\t<\/div>\n\t\t<\/div>\n\t\t\t\t\t<\/div>\n\t\t<\/section>\n\t\t\t\t<section class=\"elementor-section elementor-top-section elementor-element elementor-element-a54394e elementor-section-boxed elementor-section-height-default elementor-section-height-default\" data-id=\"a54394e\" data-element_type=\"section\">\n\t\t\t\t\t\t<div class=\"elementor-container elementor-column-gap-default\">\n\t\t\t\t\t<div class=\"elementor-column elementor-col-100 elementor-top-column elementor-element elementor-element-d9200d4\" data-id=\"d9200d4\" data-element_type=\"column\">\n\t\t\t<div class=\"elementor-widget-wrap elementor-element-populated\">\n\t\t\t\t\t\t<div class=\"elementor-element elementor-element-b133259 elementor-widget elementor-widget-spacer\" data-id=\"b133259\" data-element_type=\"widget\" data-settings=\"{&quot;ekit_we_effect_on&quot;:&quot;none&quot;}\" data-widget_type=\"spacer.default\">\n\t\t\t\t<div class=\"elementor-widget-container\">\n\t\t\t\t\t\t\t<div class=\"elementor-spacer\">\n\t\t\t<div class=\"elementor-spacer-inner\"><\/div>\n\t\t<\/div>\n\t\t\t\t\t\t<\/div>\n\t\t\t\t<\/div>\n\t\t\t\t\t<\/div>\n\t\t<\/div>\n\t\t\t\t\t<\/div>\n\t\t<\/section>\n\t\t\t\t<\/div>","protected":false},"excerpt":{"rendered":"<p>Our portfolio Latest Projects All Digital Marketing LinkedIn Website Development Olejar Safety Digital Marketing, LinkedIn Ewing Partners Website Development Simple Mobile Tools Digital Marketing Interested in working with us? You\u2019ve got nothing to lose with a quick conversation and a free quote! Give us a call at +421 917 373 508 or fill out the [&hellip;]<\/p>\n","protected":false},"author":1,"featured_media":0,"parent":0,"menu_order":0,"comment_status":"closed","ping_status":"closed","template":"elementor_header_footer","meta":{"footnotes":""},"yoast_head":"<!-- This site is optimized with the Yoast SEO plugin v23.5 - https:\/\/yoast.com\/wordpress\/plugins\/seo\/ -->\n<title>Portfolio<\/title>\n<meta name=\"description\" content=\"Take a look at our latest projects &amp; case studies. Let\u00b4s talk about what we can do for you!\" \/>\n<meta name=\"robots\" content=\"index, follow, max-snippet:-1, max-image-preview:large, max-video-preview:-1\" \/>\n<link rel=\"canonical\" href=\"https:\/\/moonmarketing.agency\/sk\/projekty\/\" \/>\n<meta property=\"og:locale\" content=\"sk_SK\" \/>\n<meta property=\"og:type\" content=\"article\" \/>\n<meta property=\"og:title\" content=\"Portfolio\" \/>\n<meta property=\"og:description\" content=\"Take a look at our latest projects &amp; case studies. Let\u00b4s talk about what we can do for you!\" \/>\n<meta property=\"og:url\" content=\"https:\/\/moonmarketing.agency\/sk\/projekty\/\" \/>\n<meta property=\"og:site_name\" content=\"Moon Marketing Agency\" \/>\n<meta property=\"article:publisher\" content=\"https:\/\/www.facebook.com\/moonmarketingagency\" \/>\n<meta property=\"article:modified_time\" content=\"2021-03-31T06:56:38+00:00\" \/>\n<meta property=\"og:image\" content=\"https:\/\/moonmarketing.agency\/wp-content\/uploads\/2021\/03\/Olejar-Safety.png\" \/>\n<meta name=\"twitter:card\" content=\"summary_large_image\" \/>\n<meta name=\"twitter:site\" content=\"@_MoonMarketing_\" \/>\n<meta name=\"twitter:label1\" content=\"Predpokladan\u00fd \u010das \u010d\u00edtania\" \/>\n\t<meta name=\"twitter:data1\" content=\"1 min\u00fata\" \/>\n<script type=\"application\/ld+json\" class=\"yoast-schema-graph\">{\"@context\":\"https:\/\/schema.org\",\"@graph\":[{\"@type\":\"WebPage\",\"@id\":\"https:\/\/moonmarketing.agency\/sk\/projekty\/\",\"url\":\"https:\/\/moonmarketing.agency\/sk\/projekty\/\",\"name\":\"Portfolio\",\"isPartOf\":{\"@id\":\"https:\/\/moonmarketing.agency\/#website\"},\"primaryImageOfPage\":{\"@id\":\"https:\/\/moonmarketing.agency\/sk\/projekty\/#primaryimage\"},\"image\":{\"@id\":\"https:\/\/moonmarketing.agency\/sk\/projekty\/#primaryimage\"},\"thumbnailUrl\":\"https:\/\/moonmarketing.agency\/wp-content\/uploads\/2021\/03\/Olejar-Safety.png\",\"datePublished\":\"2018-08-29T06:46:05+00:00\",\"dateModified\":\"2021-03-31T06:56:38+00:00\",\"description\":\"Take a look at our latest projects & case studies. Let\u00b4s talk about what we can do for you!\",\"breadcrumb\":{\"@id\":\"https:\/\/moonmarketing.agency\/sk\/projekty\/#breadcrumb\"},\"inLanguage\":\"sk-SK\",\"potentialAction\":[{\"@type\":\"ReadAction\",\"target\":[\"https:\/\/moonmarketing.agency\/sk\/projekty\/\"]}]},{\"@type\":\"ImageObject\",\"inLanguage\":\"sk-SK\",\"@id\":\"https:\/\/moonmarketing.agency\/sk\/projekty\/#primaryimage\",\"url\":\"https:\/\/moonmarketing.agency\/wp-content\/uploads\/2021\/03\/Olejar-Safety.png\",\"contentUrl\":\"https:\/\/moonmarketing.agency\/wp-content\/uploads\/2021\/03\/Olejar-Safety.png\"},{\"@type\":\"BreadcrumbList\",\"@id\":\"https:\/\/moonmarketing.agency\/sk\/projekty\/#breadcrumb\",\"itemListElement\":[{\"@type\":\"ListItem\",\"position\":1,\"name\":\"Home\",\"item\":\"https:\/\/moonmarketing.agency\/\"},{\"@type\":\"ListItem\",\"position\":2,\"name\":\"Projects\"}]},{\"@type\":\"WebSite\",\"@id\":\"https:\/\/moonmarketing.agency\/#website\",\"url\":\"https:\/\/moonmarketing.agency\/\",\"name\":\"Moon Marketing Agency\",\"description\":\"Digital marketing agency\",\"publisher\":{\"@id\":\"https:\/\/moonmarketing.agency\/#organization\"},\"potentialAction\":[{\"@type\":\"SearchAction\",\"target\":{\"@type\":\"EntryPoint\",\"urlTemplate\":\"https:\/\/moonmarketing.agency\/?s={search_term_string}\"},\"query-input\":{\"@type\":\"PropertyValueSpecification\",\"valueRequired\":true,\"valueName\":\"search_term_string\"}}],\"inLanguage\":\"sk-SK\"},{\"@type\":\"Organization\",\"@id\":\"https:\/\/moonmarketing.agency\/#organization\",\"name\":\"Moon Marketing Agency\",\"url\":\"https:\/\/moonmarketing.agency\/\",\"logo\":{\"@type\":\"ImageObject\",\"inLanguage\":\"sk-SK\",\"@id\":\"https:\/\/moonmarketing.agency\/#\/schema\/logo\/image\/\",\"url\":\"https:\/\/moonmarketing.agency\/wp-content\/uploads\/2021\/03\/transparent.png\",\"contentUrl\":\"https:\/\/moonmarketing.agency\/wp-content\/uploads\/2021\/03\/transparent.png\",\"width\":1078,\"height\":644,\"caption\":\"Moon Marketing Agency\"},\"image\":{\"@id\":\"https:\/\/moonmarketing.agency\/#\/schema\/logo\/image\/\"},\"sameAs\":[\"https:\/\/www.facebook.com\/moonmarketingagency\",\"https:\/\/x.com\/_MoonMarketing_\",\"https:\/\/www.instagram.com\/moonmarketingagency\/\",\"https:\/\/www.linkedin.com\/company\/moon-marketing-agency\/\"]}]}<\/script>\n<!-- \/ Yoast SEO plugin. -->","yoast_head_json":{"title":"Portfolio","description":"Pozrite sa na na\u0161e najnov\u0161ie projekty. Po\u010fme sa porozpr\u00e1va\u0165 ako v\u00e1m pom\u00f4\u017eeme nakopn\u00fa\u0165 v\u00e1\u0161 biznis!","robots":{"index":"index","follow":"follow","max-snippet":"max-snippet:-1","max-image-preview":"max-image-preview:large","max-video-preview":"max-video-preview:-1"},"canonical":"https:\/\/moonmarketing.agency\/sk\/projekty\/","og_locale":"sk_SK","og_type":"article","og_title":"Portfolio","og_description":"Take a look at our latest projects & case studies. Let\u00b4s talk about what we can do for you!","og_url":"https:\/\/moonmarketing.agency\/sk\/projekty\/","og_site_name":"Moon Marketing Agency","article_publisher":"https:\/\/www.facebook.com\/moonmarketingagency","article_modified_time":"2021-03-31T06:56:38+00:00","og_image":[{"url":"https:\/\/moonmarketing.agency\/wp-content\/uploads\/2021\/03\/Olejar-Safety.png"}],"twitter_card":"summary_large_image","twitter_site":"@_MoonMarketing_","twitter_misc":{"Predpokladan\u00fd \u010das \u010d\u00edtania":"1 min\u00fata"},"schema":{"@context":"https:\/\/schema.org","@graph":[{"@type":"WebPage","@id":"https:\/\/moonmarketing.agency\/sk\/projekty\/","url":"https:\/\/moonmarketing.agency\/sk\/projekty\/","name":"Portfolio","isPartOf":{"@id":"https:\/\/moonmarketing.agency\/#website"},"primaryImageOfPage":{"@id":"https:\/\/moonmarketing.agency\/sk\/projekty\/#primaryimage"},"image":{"@id":"https:\/\/moonmarketing.agency\/sk\/projekty\/#primaryimage"},"thumbnailUrl":"https:\/\/moonmarketing.agency\/wp-content\/uploads\/2021\/03\/Olejar-Safety.png","datePublished":"2018-08-29T06:46:05+00:00","dateModified":"2021-03-31T06:56:38+00:00","description":"Pozrite sa na na\u0161e najnov\u0161ie projekty. Po\u010fme sa porozpr\u00e1va\u0165 ako v\u00e1m pom\u00f4\u017eeme nakopn\u00fa\u0165 v\u00e1\u0161 biznis!","breadcrumb":{"@id":"https:\/\/moonmarketing.agency\/sk\/projekty\/#breadcrumb"},"inLanguage":"sk-SK","potentialAction":[{"@type":"ReadAction","target":["https:\/\/moonmarketing.agency\/sk\/projekty\/"]}]},{"@type":"ImageObject","inLanguage":"sk-SK","@id":"https:\/\/moonmarketing.agency\/sk\/projekty\/#primaryimage","url":"https:\/\/moonmarketing.agency\/wp-content\/uploads\/2021\/03\/Olejar-Safety.png","contentUrl":"https:\/\/moonmarketing.agency\/wp-content\/uploads\/2021\/03\/Olejar-Safety.png"},{"@type":"BreadcrumbList","@id":"https:\/\/moonmarketing.agency\/sk\/projekty\/#breadcrumb","itemListElement":[{"@type":"ListItem","position":1,"name":"Home","item":"https:\/\/moonmarketing.agency\/"},{"@type":"ListItem","position":2,"name":"Projects"}]},{"@type":"WebSite","@id":"https:\/\/moonmarketing.agency\/#website","url":"https:\/\/moonmarketing.agency\/","name":"Moon Marketing Agency","description":"Digital marketing agency","publisher":{"@id":"https:\/\/moonmarketing.agency\/#organization"},"potentialAction":[{"@type":"SearchAction","target":{"@type":"EntryPoint","urlTemplate":"https:\/\/moonmarketing.agency\/?s={search_term_string}"},"query-input":{"@type":"PropertyValueSpecification","valueRequired":true,"valueName":"search_term_string"}}],"inLanguage":"sk-SK"},{"@type":"Organization","@id":"https:\/\/moonmarketing.agency\/#organization","name":"Moon Marketing Agency","url":"https:\/\/moonmarketing.agency\/","logo":{"@type":"ImageObject","inLanguage":"sk-SK","@id":"https:\/\/moonmarketing.agency\/#\/schema\/logo\/image\/","url":"https:\/\/moonmarketing.agency\/wp-content\/uploads\/2021\/03\/transparent.png","contentUrl":"https:\/\/moonmarketing.agency\/wp-content\/uploads\/2021\/03\/transparent.png","width":1078,"height":644,"caption":"Moon Marketing Agency"},"image":{"@id":"https:\/\/moonmarketing.agency\/#\/schema\/logo\/image\/"},"sameAs":["https:\/\/www.facebook.com\/moonmarketingagency","https:\/\/x.com\/_MoonMarketing_","https:\/\/www.instagram.com\/moonmarketingagency\/","https:\/\/www.linkedin.com\/company\/moon-marketing-agency\/"]}]}},"_links":{"self":[{"href":"https:\/\/moonmarketing.agency\/sk\/wp-json\/wp\/v2\/pages\/1622"}],"collection":[{"href":"https:\/\/moonmarketing.agency\/sk\/wp-json\/wp\/v2\/pages"}],"about":[{"href":"https:\/\/moonmarketing.agency\/sk\/wp-json\/wp\/v2\/types\/page"}],"author":[{"embeddable":true,"href":"https:\/\/moonmarketing.agency\/sk\/wp-json\/wp\/v2\/users\/1"}],"replies":[{"embeddable":true,"href":"https:\/\/moonmarketing.agency\/sk\/wp-json\/wp\/v2\/comments?post=1622"}],"version-history":[{"count":13,"href":"https:\/\/moonmarketing.agency\/sk\/wp-json\/wp\/v2\/pages\/1622\/revisions"}],"predecessor-version":[{"id":3976,"href":"https:\/\/moonmarketing.agency\/sk\/wp-json\/wp\/v2\/pages\/1622\/revisions\/3976"}],"wp:attachment":[{"href":"https:\/\/moonmarketing.agency\/sk\/wp-json\/wp\/v2\/media?parent=1622"}],"curies":[{"name":"wp","href":"https:\/\/api.w.org\/{rel}","templated":true}]}}