{"id":1688,"date":"2018-08-29T09:59:40","date_gmt":"2018-08-29T09:59:40","guid":{"rendered":"https:\/\/wp.xpeedstudio.com\/upturn\/?page_id=1688"},"modified":"2021-03-20T09:58:39","modified_gmt":"2021-03-20T09:58:39","slug":"about","status":"publish","type":"page","link":"https:\/\/moonmarketing.agency\/sk\/o-nas\/","title":{"rendered":"O n\u00e1s"},"content":{"rendered":"<div data-elementor-type=\"wp-post\" data-elementor-id=\"1688\" class=\"elementor elementor-1688\">\n\t\t\t\t\t\t<div class=\"elementor-section elementor-top-section elementor-element elementor-element-f443a7c elementor-section-content-middle elementor-section-boxed elementor-section-height-default elementor-section-height-default\" data-id=\"f443a7c\" data-element_type=\"section\">\n\t\t\t\t\t\t<div class=\"elementor-container elementor-column-gap-default\">\n\t\t\t\t\t<div class=\"elementor-column elementor-col-50 elementor-top-column elementor-element elementor-element-e570e32\" data-id=\"e570e32\" data-element_type=\"column\">\n\t\t\t<div class=\"elementor-widget-wrap elementor-element-populated\">\n\t\t\t\t\t\t<div class=\"elementor-element elementor-element-e0abf5a elementor-widget elementor-widget-xs-heading\" data-id=\"e0abf5a\" data-element_type=\"widget\" data-settings=\"{&quot;ekit_we_effect_on&quot;:&quot;none&quot;}\" data-widget_type=\"xs-heading.default\">\n\t\t\t\t<div class=\"elementor-widget-container\">\n\t\t\t\t\t<br \/>\n<b>Warning<\/b>:  Undefined array key \"title_align\" in <b>\/data\/8\/4\/843ec3c9-d711-4207-8b8b-4031128e02f5\/moonmarketing.agency\/web\/wp-content\/themes\/seocify\/inc\/shortcode\/xs-heading.php<\/b> on line <b>220<\/b><br \/>\n<div class=\"xs-heading text-\">\n            <h2 class=\"section-title\">B2B marketingov\u00e1 agent\u00fara<\/h2>\n                <span class=\"line\"><\/span>\n    <\/div> \t\t\t\t<\/div>\n\t\t\t\t<\/div>\n\t\t\t\t<div class=\"elementor-element elementor-element-78eb410 animated-slow elementor-invisible elementor-widget elementor-widget-text-editor\" data-id=\"78eb410\" data-element_type=\"widget\" data-settings=\"{&quot;_animation&quot;:&quot;fadeInUp&quot;,&quot;ekit_we_effect_on&quot;:&quot;none&quot;}\" data-widget_type=\"text-editor.default\">\n\t\t\t\t<div class=\"elementor-widget-container\">\n\t\t\t\t\t\t\t\t\t<p>Sme B2B marketingov\u00e1 agent\u00fara so s\u00eddlom v Bardejove. V Moon Marketing Agency pon\u00fakame B2B marketingov\u00e9 slu\u017eby, generovanie leadov, v\u00fdvoj webov\u00fdch str\u00e1nok a slu\u017eby virtu\u00e1lnej asistencie so \u0161pecializ\u00e1ciou na v\u00fdrobcov, dod\u00e1vate\u013eov a distrib\u00fatorov. Spolupracujeme s mal\u00fdmi a stredn\u00fdmi podnikmi, a pom\u00e1hame im dosiahnu\u0165 ich predajn\u00e9 a marketingov\u00e9 ciele.<\/p>\n<p><strong>N\u00e1\u0161 bal\u00edk slu\u017eieb zah\u0155\u0148a (ale nie je obmedzen\u00fd na):<\/strong><\/p>\t\t\t\t\t\t\t\t<\/div>\n\t\t\t\t<\/div>\n\t\t\t\t<div class=\"elementor-element elementor-element-36456c8 animated-slow elementor-invisible elementor-widget elementor-widget-text-editor\" data-id=\"36456c8\" data-element_type=\"widget\" data-settings=\"{&quot;_animation&quot;:&quot;fadeInUp&quot;,&quot;ekit_we_effect_on&quot;:&quot;none&quot;}\" data-widget_type=\"text-editor.default\">\n\t\t\t\t<div class=\"elementor-widget-container\">\n\t\t\t\t\t\t\t\t\t<ul><li>Digit\u00e1lny marketing<\/li><li>V\u00fdvoj webov\u00fdch str\u00e1nok<\/li><li>Google Ads<\/li><li>Soci\u00e1lne siete<\/li><li><span style=\"font-size: 1rem; letter-spacing: -0.4px;\">LinkedIn leady<\/span><\/li><li>E-maily \/ Newslettery<\/li><li>CRM<\/li><li>Kreat\u00edvne slu\u017eby<\/li><li>Virtu\u00e1lna asistencia<\/li><li>A viac<\/li><\/ul>\t\t\t\t\t\t\t\t<\/div>\n\t\t\t\t<\/div>\n\t\t\t\t\t<\/div>\n\t\t<\/div>\n\t\t\t\t<div class=\"elementor-column elementor-col-50 elementor-top-column elementor-element elementor-element-8393318\" data-id=\"8393318\" data-element_type=\"column\">\n\t\t\t<div class=\"elementor-widget-wrap elementor-element-populated\">\n\t\t\t\t\t\t<div class=\"elementor-element elementor-element-d5581cb xs-info-img elementor-widget elementor-widget-image\" data-id=\"d5581cb\" data-element_type=\"widget\" data-settings=\"{&quot;ekit_we_effect_on&quot;:&quot;none&quot;}\" data-widget_type=\"image.default\">\n\t\t\t\t<div class=\"elementor-widget-container\">\n\t\t\t\t\t\t\t\t\t\t\t\t\t\t\t<img fetchpriority=\"high\" decoding=\"async\" width=\"490\" height=\"535\" src=\"https:\/\/moonmarketing.agency\/wp-content\/uploads\/2018\/08\/info-1.png\" class=\"attachment-large size-large wp-image-1328\" alt=\"\" srcset=\"https:\/\/moonmarketing.agency\/wp-content\/uploads\/2018\/08\/info-1.png 490w, https:\/\/moonmarketing.agency\/wp-content\/uploads\/2018\/08\/info-1-275x300.png 275w\" sizes=\"(max-width: 490px) 100vw, 490px\" \/>\t\t\t\t\t\t\t\t\t\t\t\t\t\t\t<\/div>\n\t\t\t\t<\/div>\n\t\t\t\t\t<\/div>\n\t\t<\/div>\n\t\t\t\t\t<\/div>\n\t\t<\/div>\n\t\t\t\t<section class=\"elementor-section elementor-top-section elementor-element elementor-element-20d615af elementor-section-boxed elementor-section-height-default elementor-section-height-default\" data-id=\"20d615af\" data-element_type=\"section\">\n\t\t\t\t\t\t<div class=\"elementor-container elementor-column-gap-default\">\n\t\t\t\t\t<div class=\"elementor-column elementor-col-100 elementor-top-column elementor-element elementor-element-ffb9ea8\" data-id=\"ffb9ea8\" data-element_type=\"column\">\n\t\t\t<div class=\"elementor-widget-wrap elementor-element-populated\">\n\t\t\t\t\t\t<div class=\"elementor-element elementor-element-1302f91e elementor-widget elementor-widget-elementskit-heading\" data-id=\"1302f91e\" data-element_type=\"widget\" data-settings=\"{&quot;ekit_we_effect_on&quot;:&quot;none&quot;}\" data-widget_type=\"elementskit-heading.default\">\n\t\t\t\t<div class=\"elementor-widget-container\">\n\t\t\t\t\t<div class=\"ekit-wid-con\" ><div class=\"ekit-heading elementskit-section-title-wraper center   ekit_heading_tablet-   ekit_heading_mobile-\"><h2 class=\"ekit-heading--title elementskit-section-title\">Rozbehnite svoje podnikanie naplno!<\/h2><div class=\"ekit_heading_separetor_wraper ekit_heading_elementskit-border-divider ekit-dotted\"><div class=\"elementskit-border-divider ekit-dotted\"><\/div><\/div>\t\t\t\t<div class='ekit-heading__description'>\n\t\t\t\t\t<p>Prv\u00e1 konzult\u00e1cia je zadarmo, nem\u00e1te \u010do strati\u0165!<\/p>\n<p>Zavolajte n\u00e1m na telef\u00f3nne \u010d\u00edslo +421 917 373 508 alebo vypl\u0148te kontaktn\u00fd formul\u00e1r ni\u017e\u0161ie a my sa v\u00e1m ozveme.<\/p>\n\t\t\t\t<\/div>\n\t\t\t<\/div><\/div>\t\t\t\t<\/div>\n\t\t\t\t<\/div>\n\t\t\t\t<div class=\"elementor-element elementor-element-30743493 elementor-widget elementor-widget-elementskit-contact-form7\" data-id=\"30743493\" data-element_type=\"widget\" data-settings=\"{&quot;ekit_we_effect_on&quot;:&quot;none&quot;}\" data-widget_type=\"elementskit-contact-form7.default\">\n\t\t\t\t<div class=\"elementor-widget-container\">\n\t\t\t\t\t<div class=\"ekit-wid-con\" ><div class=\"ekit-form\">\n<div class=\"wpcf7 no-js\" id=\"wpcf7-f5-o1\" lang=\"en-US\" dir=\"ltr\">\n<div class=\"screen-reader-response\"><p role=\"status\" aria-live=\"polite\" aria-atomic=\"true\"><\/p> <ul><\/ul><\/div>\n<form action=\"\/sk\/wp-json\/wp\/v2\/pages\/1688#wpcf7-f5-o1\" method=\"post\" class=\"wpcf7-form init\" aria-label=\"Contact form\" novalidate=\"novalidate\" data-status=\"init\" data-trp-original-action=\"\/sk\/wp-json\/wp\/v2\/pages\/1688#wpcf7-f5-o1\">\n<div style=\"display: none;\">\n<input type=\"hidden\" name=\"_wpcf7\" value=\"5\" \/>\n<input type=\"hidden\" name=\"_wpcf7_version\" value=\"5.9.8\" \/>\n<input type=\"hidden\" name=\"_wpcf7_locale\" value=\"en_US\" \/>\n<input type=\"hidden\" name=\"_wpcf7_unit_tag\" value=\"wpcf7-f5-o1\" \/>\n<input type=\"hidden\" name=\"_wpcf7_container_post\" value=\"0\" \/>\n<input type=\"hidden\" name=\"_wpcf7_posted_data_hash\" value=\"\" \/>\n<input type=\"hidden\" name=\"_wpcf7_recaptcha_response\" value=\"\" \/>\n<\/div>\n<div class=\"contact-from-wraper wow fadeIn\">\n\t<div class=\"xs-from\" id=\"xs-contact-form\">\n\t\t<div class=\"row\">\n\t\t\t<div class=\"col-lg-6\">\n\t\t\t\t<div class=\"form-group\">\n\t\t\t\t\t<p><span class=\"wpcf7-form-control-wrap\" data-name=\"your-name\"><input size=\"40\" maxlength=\"400\" class=\"wpcf7-form-control wpcf7-text form-control\" id=\"xs_contact_name\" aria-invalid=\"false\" placeholder=\"Meno *\" value=\"\" type=\"text\" name=\"your-name\" \/><\/span>\n\t\t\t\t\t<\/p>\n\t\t\t\t<\/div>\n\t\t\t<\/div>\n\t\t\t<div class=\"col-lg-6\">\n\t\t\t\t<div class=\"form-group\">\n\t\t\t\t\t<p><span class=\"wpcf7-form-control-wrap\" data-name=\"your-email\"><input size=\"40\" maxlength=\"400\" class=\"wpcf7-form-control wpcf7-email wpcf7-validates-as-required wpcf7-text wpcf7-validates-as-email form-control\" id=\"xs_contact_email\" aria-required=\"true\" aria-invalid=\"false\" placeholder=\"Email *\" value=\"\" type=\"email\" name=\"your-email\" \/><\/span>\n\t\t\t\t\t<\/p>\n\t\t\t\t<\/div>\n\t\t\t<\/div>\n\t\t\t<div class=\"col-lg-6\">\n\t\t\t\t<div class=\"form-group\">\n\t\t\t\t\t<p><span class=\"wpcf7-form-control-wrap\" data-name=\"your-phone\"><input size=\"40\" maxlength=\"400\" class=\"wpcf7-form-control wpcf7-tel wpcf7-validates-as-required wpcf7-text wpcf7-validates-as-tel form-control\" id=\"xs_contact_phone\" aria-required=\"true\" aria-invalid=\"false\" placeholder=\"Tel. \u010d\u00edslo *\" value=\"\" type=\"tel\" name=\"your-phone\" \/><\/span>\n\t\t\t\t\t<\/p>\n\t\t\t\t<\/div>\n\t\t\t<\/div>\n\t\t\t<div class=\"col-lg-6\">\n\t\t\t\t<div class=\"form-group\">\n\t\t\t\t\t<p><span class=\"wpcf7-form-control-wrap\" data-name=\"your-subject\"><input size=\"40\" maxlength=\"400\" class=\"wpcf7-form-control wpcf7-text form-control\" id=\"xs_contact_subject\" aria-invalid=\"false\" placeholder=\"Predmet\" value=\"\" type=\"text\" name=\"your-subject\" \/><\/span>\n\t\t\t\t\t<\/p>\n\t\t\t\t<\/div>\n\t\t\t<\/div>\n\t\t<\/div>\n\t\t<div class=\"form-group\">\n\t\t\t<p><span class=\"wpcf7-form-control-wrap\" data-name=\"your-message\"><textarea cols=\"40\" rows=\"10\" maxlength=\"2000\" class=\"wpcf7-form-control wpcf7-textarea form-control\" id=\"x_contact_massage\" aria-invalid=\"false\" name=\"your-message\">Your Message *<\/textarea><\/span>\n\t\t\t<\/p>\n\t\t<\/div>\n\t\t<div class=\"text-center\">\n\t\t\t<p><input class=\"wpcf7-form-control wpcf7-submit has-spinner btn btn-primary style2\" id=\"xs_contact_submit\" type=\"submit\" value=\"Odosla\u0165\" \/>\n\t\t\t<\/p>\n\t\t<\/div>\n\t<\/div>\n<\/div><div class=\"wpcf7-response-output\" aria-hidden=\"true\"><\/div>\n<input type=\"hidden\" name=\"trp-form-language\" value=\"sk\"\/><\/form>\n<\/div>\n<\/div><\/div>\t\t\t\t<\/div>\n\t\t\t\t<\/div>\n\t\t\t\t\t<\/div>\n\t\t<\/div>\n\t\t\t\t\t<\/div>\n\t\t<\/section>\n\t\t\t\t<\/div>","protected":false},"excerpt":{"rendered":"<p>We are B2B Marketing Agency We are B2B marketing agency based in Bardejov, Slovakia. At Moon Marketing Agency we offer B2B marketing, lead generation, web development and virtual assistance services with specialization on manufacturers, suppliers and distributors. We partner with small and medium businesses to deliver on their sales and marketing objectives. Each team member [&hellip;]<\/p>\n","protected":false},"author":1,"featured_media":0,"parent":0,"menu_order":0,"comment_status":"closed","ping_status":"closed","template":"template\/template-full-width.php","meta":{"footnotes":""},"yoast_head":"<!-- This site is optimized with the Yoast SEO plugin v23.5 - https:\/\/yoast.com\/wordpress\/plugins\/seo\/ -->\n<title>About<\/title>\n<meta name=\"description\" content=\"Marketing agency based in Bardejov, Slovakia. We\u00b4ll help you out with B2B marketing, lead generation, web development and virtual assistance services.\" \/>\n<meta name=\"robots\" content=\"index, follow, max-snippet:-1, max-image-preview:large, max-video-preview:-1\" \/>\n<link rel=\"canonical\" href=\"https:\/\/moonmarketing.agency\/sk\/o-nas\/\" \/>\n<meta property=\"og:locale\" content=\"sk_SK\" \/>\n<meta property=\"og:type\" content=\"article\" \/>\n<meta property=\"og:title\" content=\"About\" \/>\n<meta property=\"og:description\" content=\"Marketing agency based in Bardejov, Slovakia. We\u00b4ll help you out with B2B marketing, lead generation, web development and virtual assistance services.\" \/>\n<meta property=\"og:url\" content=\"https:\/\/moonmarketing.agency\/sk\/o-nas\/\" \/>\n<meta property=\"og:site_name\" content=\"Moon Marketing Agency\" \/>\n<meta property=\"article:publisher\" content=\"https:\/\/www.facebook.com\/moonmarketingagency\" \/>\n<meta property=\"article:modified_time\" content=\"2021-03-20T09:58:39+00:00\" \/>\n<meta property=\"og:image\" content=\"https:\/\/moonmarketing.agency\/wp-content\/uploads\/2018\/08\/info-1.png\" \/>\n<meta name=\"twitter:card\" content=\"summary_large_image\" \/>\n<meta name=\"twitter:site\" content=\"@_MoonMarketing_\" \/>\n<meta name=\"twitter:label1\" content=\"Predpokladan\u00fd \u010das \u010d\u00edtania\" \/>\n\t<meta name=\"twitter:data1\" content=\"1 min\u00fata\" \/>\n<script type=\"application\/ld+json\" class=\"yoast-schema-graph\">{\"@context\":\"https:\/\/schema.org\",\"@graph\":[{\"@type\":\"WebPage\",\"@id\":\"https:\/\/moonmarketing.agency\/about\/\",\"url\":\"https:\/\/moonmarketing.agency\/about\/\",\"name\":\"About\",\"isPartOf\":{\"@id\":\"https:\/\/moonmarketing.agency\/#website\"},\"primaryImageOfPage\":{\"@id\":\"https:\/\/moonmarketing.agency\/about\/#primaryimage\"},\"image\":{\"@id\":\"https:\/\/moonmarketing.agency\/about\/#primaryimage\"},\"thumbnailUrl\":\"https:\/\/moonmarketing.agency\/wp-content\/uploads\/2018\/08\/info-1.png\",\"datePublished\":\"2018-08-29T09:59:40+00:00\",\"dateModified\":\"2021-03-20T09:58:39+00:00\",\"description\":\"Marketing agency based in Bardejov, Slovakia. We\u00b4ll help you out with B2B marketing, lead generation, web development and virtual assistance services.\",\"breadcrumb\":{\"@id\":\"https:\/\/moonmarketing.agency\/about\/#breadcrumb\"},\"inLanguage\":\"sk-SK\",\"potentialAction\":[{\"@type\":\"ReadAction\",\"target\":[\"https:\/\/moonmarketing.agency\/about\/\"]}]},{\"@type\":\"ImageObject\",\"inLanguage\":\"sk-SK\",\"@id\":\"https:\/\/moonmarketing.agency\/about\/#primaryimage\",\"url\":\"https:\/\/moonmarketing.agency\/wp-content\/uploads\/2018\/08\/info-1.png\",\"contentUrl\":\"https:\/\/moonmarketing.agency\/wp-content\/uploads\/2018\/08\/info-1.png\"},{\"@type\":\"BreadcrumbList\",\"@id\":\"https:\/\/moonmarketing.agency\/about\/#breadcrumb\",\"itemListElement\":[{\"@type\":\"ListItem\",\"position\":1,\"name\":\"Home\",\"item\":\"https:\/\/moonmarketing.agency\/\"},{\"@type\":\"ListItem\",\"position\":2,\"name\":\"About\"}]},{\"@type\":\"WebSite\",\"@id\":\"https:\/\/moonmarketing.agency\/#website\",\"url\":\"https:\/\/moonmarketing.agency\/\",\"name\":\"Moon Marketing Agency\",\"description\":\"Digital marketing agency\",\"publisher\":{\"@id\":\"https:\/\/moonmarketing.agency\/#organization\"},\"potentialAction\":[{\"@type\":\"SearchAction\",\"target\":{\"@type\":\"EntryPoint\",\"urlTemplate\":\"https:\/\/moonmarketing.agency\/?s={search_term_string}\"},\"query-input\":{\"@type\":\"PropertyValueSpecification\",\"valueRequired\":true,\"valueName\":\"search_term_string\"}}],\"inLanguage\":\"sk-SK\"},{\"@type\":\"Organization\",\"@id\":\"https:\/\/moonmarketing.agency\/#organization\",\"name\":\"Moon Marketing Agency\",\"url\":\"https:\/\/moonmarketing.agency\/\",\"logo\":{\"@type\":\"ImageObject\",\"inLanguage\":\"sk-SK\",\"@id\":\"https:\/\/moonmarketing.agency\/#\/schema\/logo\/image\/\",\"url\":\"https:\/\/moonmarketing.agency\/wp-content\/uploads\/2021\/03\/transparent.png\",\"contentUrl\":\"https:\/\/moonmarketing.agency\/wp-content\/uploads\/2021\/03\/transparent.png\",\"width\":1078,\"height\":644,\"caption\":\"Moon Marketing Agency\"},\"image\":{\"@id\":\"https:\/\/moonmarketing.agency\/#\/schema\/logo\/image\/\"},\"sameAs\":[\"https:\/\/www.facebook.com\/moonmarketingagency\",\"https:\/\/x.com\/_MoonMarketing_\",\"https:\/\/www.instagram.com\/moonmarketingagency\/\",\"https:\/\/www.linkedin.com\/company\/moon-marketing-agency\/\"]}]}<\/script>\n<!-- \/ Yoast SEO plugin. -->","yoast_head_json":{"title":"O n\u00e1s","description":"Sme B2B marketingov\u00e1 agent\u00fara z Bardejova. Pom\u00f4\u017eeme v\u00e1\u0161mu biznisu r\u00e1s\u0165 pomocou kreat\u00edvnych marketingov\u00fdch kampan\u00ed.","robots":{"index":"index","follow":"follow","max-snippet":"max-snippet:-1","max-image-preview":"max-image-preview:large","max-video-preview":"max-video-preview:-1"},"canonical":"https:\/\/moonmarketing.agency\/sk\/o-nas\/","og_locale":"sk_SK","og_type":"article","og_title":"About","og_description":"Marketing agency based in Bardejov, Slovakia. We\u00b4ll help you out with B2B marketing, lead generation, web development and virtual assistance services.","og_url":"https:\/\/moonmarketing.agency\/sk\/o-nas\/","og_site_name":"Moon Marketing Agency","article_publisher":"https:\/\/www.facebook.com\/moonmarketingagency","article_modified_time":"2021-03-20T09:58:39+00:00","og_image":[{"url":"https:\/\/moonmarketing.agency\/wp-content\/uploads\/2018\/08\/info-1.png"}],"twitter_card":"summary_large_image","twitter_site":"@_MoonMarketing_","twitter_misc":{"Predpokladan\u00fd \u010das \u010d\u00edtania":"1 min\u00fata"},"schema":{"@context":"https:\/\/schema.org","@graph":[{"@type":"WebPage","@id":"https:\/\/moonmarketing.agency\/about\/","url":"https:\/\/moonmarketing.agency\/about\/","name":"O n\u00e1s","isPartOf":{"@id":"https:\/\/moonmarketing.agency\/#website"},"primaryImageOfPage":{"@id":"https:\/\/moonmarketing.agency\/about\/#primaryimage"},"image":{"@id":"https:\/\/moonmarketing.agency\/about\/#primaryimage"},"thumbnailUrl":"https:\/\/moonmarketing.agency\/wp-content\/uploads\/2018\/08\/info-1.png","datePublished":"2018-08-29T09:59:40+00:00","dateModified":"2021-03-20T09:58:39+00:00","description":"Sme B2B marketingov\u00e1 agent\u00fara z Bardejova. Pom\u00f4\u017eeme v\u00e1\u0161mu biznisu r\u00e1s\u0165 pomocou kreat\u00edvnych marketingov\u00fdch kampan\u00ed.","breadcrumb":{"@id":"https:\/\/moonmarketing.agency\/about\/#breadcrumb"},"inLanguage":"sk-SK","potentialAction":[{"@type":"ReadAction","target":["https:\/\/moonmarketing.agency\/about\/"]}]},{"@type":"ImageObject","inLanguage":"sk-SK","@id":"https:\/\/moonmarketing.agency\/about\/#primaryimage","url":"https:\/\/moonmarketing.agency\/wp-content\/uploads\/2018\/08\/info-1.png","contentUrl":"https:\/\/moonmarketing.agency\/wp-content\/uploads\/2018\/08\/info-1.png"},{"@type":"BreadcrumbList","@id":"https:\/\/moonmarketing.agency\/about\/#breadcrumb","itemListElement":[{"@type":"ListItem","position":1,"name":"Home","item":"https:\/\/moonmarketing.agency\/"},{"@type":"ListItem","position":2,"name":"About"}]},{"@type":"WebSite","@id":"https:\/\/moonmarketing.agency\/#website","url":"https:\/\/moonmarketing.agency\/","name":"Moon Marketing Agency","description":"Digital marketing agency","publisher":{"@id":"https:\/\/moonmarketing.agency\/#organization"},"potentialAction":[{"@type":"SearchAction","target":{"@type":"EntryPoint","urlTemplate":"https:\/\/moonmarketing.agency\/?s={search_term_string}"},"query-input":{"@type":"PropertyValueSpecification","valueRequired":true,"valueName":"search_term_string"}}],"inLanguage":"sk-SK"},{"@type":"Organization","@id":"https:\/\/moonmarketing.agency\/#organization","name":"Moon Marketing Agency","url":"https:\/\/moonmarketing.agency\/","logo":{"@type":"ImageObject","inLanguage":"sk-SK","@id":"https:\/\/moonmarketing.agency\/#\/schema\/logo\/image\/","url":"https:\/\/moonmarketing.agency\/wp-content\/uploads\/2021\/03\/transparent.png","contentUrl":"https:\/\/moonmarketing.agency\/wp-content\/uploads\/2021\/03\/transparent.png","width":1078,"height":644,"caption":"Moon Marketing Agency"},"image":{"@id":"https:\/\/moonmarketing.agency\/#\/schema\/logo\/image\/"},"sameAs":["https:\/\/www.facebook.com\/moonmarketingagency","https:\/\/x.com\/_MoonMarketing_","https:\/\/www.instagram.com\/moonmarketingagency\/","https:\/\/www.linkedin.com\/company\/moon-marketing-agency\/"]}]}},"_links":{"self":[{"href":"https:\/\/moonmarketing.agency\/sk\/wp-json\/wp\/v2\/pages\/1688"}],"collection":[{"href":"https:\/\/moonmarketing.agency\/sk\/wp-json\/wp\/v2\/pages"}],"about":[{"href":"https:\/\/moonmarketing.agency\/sk\/wp-json\/wp\/v2\/types\/page"}],"author":[{"embeddable":true,"href":"https:\/\/moonmarketing.agency\/sk\/wp-json\/wp\/v2\/users\/1"}],"replies":[{"embeddable":true,"href":"https:\/\/moonmarketing.agency\/sk\/wp-json\/wp\/v2\/comments?post=1688"}],"version-history":[{"count":18,"href":"https:\/\/moonmarketing.agency\/sk\/wp-json\/wp\/v2\/pages\/1688\/revisions"}],"predecessor-version":[{"id":3845,"href":"https:\/\/moonmarketing.agency\/sk\/wp-json\/wp\/v2\/pages\/1688\/revisions\/3845"}],"wp:attachment":[{"href":"https:\/\/moonmarketing.agency\/sk\/wp-json\/wp\/v2\/media?parent=1688"}],"curies":[{"name":"wp","href":"https:\/\/api.w.org\/{rel}","templated":true}]}}