{"id":1927,"date":"2018-09-05T06:17:41","date_gmt":"2018-09-05T06:17:41","guid":{"rendered":"https:\/\/wp.xpeedstudio.com\/upturn\/?page_id=1927"},"modified":"2021-03-29T13:15:26","modified_gmt":"2021-03-29T13:15:26","slug":"case-studies","status":"publish","type":"page","link":"https:\/\/moonmarketing.agency\/sk\/pripadove-studie\/","title":{"rendered":"Pr\u00edpadov\u00e9 \u0161t\u00fadie"},"content":{"rendered":"<div data-elementor-type=\"wp-post\" data-elementor-id=\"1927\" class=\"elementor elementor-1927\">\n\t\t\t\t\t\t<section class=\"elementor-section elementor-top-section elementor-element elementor-element-d17725b elementor-section-boxed elementor-section-height-default elementor-section-height-default\" data-id=\"d17725b\" data-element_type=\"section\">\n\t\t\t\t\t\t<div class=\"elementor-container elementor-column-gap-default\">\n\t\t\t\t\t<div class=\"elementor-column elementor-col-100 elementor-top-column elementor-element elementor-element-ae8d068\" data-id=\"ae8d068\" data-element_type=\"column\">\n\t\t\t<div class=\"elementor-widget-wrap elementor-element-populated\">\n\t\t\t\t\t\t<div class=\"elementor-element elementor-element-eb2074e elementor-widget elementor-widget-heading\" data-id=\"eb2074e\" data-element_type=\"widget\" data-settings=\"{&quot;ekit_we_effect_on&quot;:&quot;none&quot;}\" data-widget_type=\"heading.default\">\n\t\t\t\t<div class=\"elementor-widget-container\">\n\t\t\t\t\t<h2 class=\"elementor-heading-title elementor-size-default\">Coming soon.<\/h2>\t\t\t\t<\/div>\n\t\t\t\t<\/div>\n\t\t\t\t\t<\/div>\n\t\t<\/div>\n\t\t\t\t\t<\/div>\n\t\t<\/section>\n\t\t\t\t<section class=\"elementor-section elementor-top-section elementor-element elementor-element-b53af50 elementor-section-boxed elementor-section-height-default elementor-section-height-default\" data-id=\"b53af50\" data-element_type=\"section\">\n\t\t\t\t\t\t<div class=\"elementor-container elementor-column-gap-default\">\n\t\t\t\t\t<div class=\"elementor-column elementor-col-100 elementor-top-column elementor-element elementor-element-181b0a2\" data-id=\"181b0a2\" data-element_type=\"column\">\n\t\t\t<div class=\"elementor-widget-wrap elementor-element-populated\">\n\t\t\t\t\t\t<div class=\"elementor-element elementor-element-3ddb992 elementor-widget elementor-widget-spacer\" data-id=\"3ddb992\" data-element_type=\"widget\" data-settings=\"{&quot;ekit_we_effect_on&quot;:&quot;none&quot;}\" data-widget_type=\"spacer.default\">\n\t\t\t\t<div class=\"elementor-widget-container\">\n\t\t\t\t\t\t\t<div class=\"elementor-spacer\">\n\t\t\t<div class=\"elementor-spacer-inner\"><\/div>\n\t\t<\/div>\n\t\t\t\t\t\t<\/div>\n\t\t\t\t<\/div>\n\t\t\t\t\t<\/div>\n\t\t<\/div>\n\t\t\t\t\t<\/div>\n\t\t<\/section>\n\t\t\t\t<\/div>","protected":false},"excerpt":{"rendered":"<p>Coming soon.<\/p>","protected":false},"author":1,"featured_media":0,"parent":0,"menu_order":0,"comment_status":"closed","ping_status":"closed","template":"template\/template-full-width.php","meta":{"footnotes":""},"yoast_head":"<!-- This site is optimized with the Yoast SEO plugin v23.5 - https:\/\/yoast.com\/wordpress\/plugins\/seo\/ -->\n<title>Case Studies<\/title>\n<meta name=\"description\" content=\"Take a look at our marketing case studies to see how we drive growth in leads and sales for our clients.\" \/>\n<meta name=\"robots\" content=\"index, follow, max-snippet:-1, max-image-preview:large, max-video-preview:-1\" \/>\n<link rel=\"canonical\" href=\"https:\/\/moonmarketing.agency\/sk\/pripadove-studie\/\" \/>\n<meta property=\"og:locale\" content=\"sk_SK\" \/>\n<meta property=\"og:type\" content=\"article\" \/>\n<meta property=\"og:title\" content=\"Case Studies\" \/>\n<meta property=\"og:description\" content=\"Take a look at our marketing case studies to see how we drive growth in leads and sales for our clients.\" \/>\n<meta property=\"og:url\" content=\"https:\/\/moonmarketing.agency\/sk\/pripadove-studie\/\" \/>\n<meta property=\"og:site_name\" content=\"Moon Marketing Agency\" \/>\n<meta property=\"article:publisher\" content=\"https:\/\/www.facebook.com\/moonmarketingagency\" \/>\n<meta property=\"article:modified_time\" content=\"2021-03-29T13:15:26+00:00\" \/>\n<meta name=\"twitter:card\" content=\"summary_large_image\" \/>\n<meta name=\"twitter:site\" content=\"@_MoonMarketing_\" \/>\n<meta name=\"twitter:label1\" content=\"Predpokladan\u00fd \u010das \u010d\u00edtania\" \/>\n\t<meta name=\"twitter:data1\" content=\"1 min\u00fata\" \/>\n<script type=\"application\/ld+json\" class=\"yoast-schema-graph\">{\"@context\":\"https:\/\/schema.org\",\"@graph\":[{\"@type\":\"WebPage\",\"@id\":\"https:\/\/moonmarketing.agency\/case-studies\/\",\"url\":\"https:\/\/moonmarketing.agency\/case-studies\/\",\"name\":\"Case Studies\",\"isPartOf\":{\"@id\":\"https:\/\/moonmarketing.agency\/#website\"},\"datePublished\":\"2018-09-05T06:17:41+00:00\",\"dateModified\":\"2021-03-29T13:15:26+00:00\",\"description\":\"Take a look at our marketing case studies to see how we drive growth in leads and sales for our clients.\",\"breadcrumb\":{\"@id\":\"https:\/\/moonmarketing.agency\/case-studies\/#breadcrumb\"},\"inLanguage\":\"sk-SK\",\"potentialAction\":[{\"@type\":\"ReadAction\",\"target\":[\"https:\/\/moonmarketing.agency\/case-studies\/\"]}]},{\"@type\":\"BreadcrumbList\",\"@id\":\"https:\/\/moonmarketing.agency\/case-studies\/#breadcrumb\",\"itemListElement\":[{\"@type\":\"ListItem\",\"position\":1,\"name\":\"Home\",\"item\":\"https:\/\/moonmarketing.agency\/\"},{\"@type\":\"ListItem\",\"position\":2,\"name\":\"Case Studies\"}]},{\"@type\":\"WebSite\",\"@id\":\"https:\/\/moonmarketing.agency\/#website\",\"url\":\"https:\/\/moonmarketing.agency\/\",\"name\":\"Moon Marketing Agency\",\"description\":\"Digital marketing agency\",\"publisher\":{\"@id\":\"https:\/\/moonmarketing.agency\/#organization\"},\"potentialAction\":[{\"@type\":\"SearchAction\",\"target\":{\"@type\":\"EntryPoint\",\"urlTemplate\":\"https:\/\/moonmarketing.agency\/?s={search_term_string}\"},\"query-input\":{\"@type\":\"PropertyValueSpecification\",\"valueRequired\":true,\"valueName\":\"search_term_string\"}}],\"inLanguage\":\"sk-SK\"},{\"@type\":\"Organization\",\"@id\":\"https:\/\/moonmarketing.agency\/#organization\",\"name\":\"Moon Marketing Agency\",\"url\":\"https:\/\/moonmarketing.agency\/\",\"logo\":{\"@type\":\"ImageObject\",\"inLanguage\":\"sk-SK\",\"@id\":\"https:\/\/moonmarketing.agency\/#\/schema\/logo\/image\/\",\"url\":\"https:\/\/moonmarketing.agency\/wp-content\/uploads\/2021\/03\/transparent.png\",\"contentUrl\":\"https:\/\/moonmarketing.agency\/wp-content\/uploads\/2021\/03\/transparent.png\",\"width\":1078,\"height\":644,\"caption\":\"Moon Marketing Agency\"},\"image\":{\"@id\":\"https:\/\/moonmarketing.agency\/#\/schema\/logo\/image\/\"},\"sameAs\":[\"https:\/\/www.facebook.com\/moonmarketingagency\",\"https:\/\/x.com\/_MoonMarketing_\",\"https:\/\/www.instagram.com\/moonmarketingagency\/\",\"https:\/\/www.linkedin.com\/company\/moon-marketing-agency\/\"]}]}<\/script>\n<!-- \/ Yoast SEO plugin. -->","yoast_head_json":{"title":"Pr\u00edpadov\u00e9 \u0161t\u00fadie","description":"Pozrite sa na na\u0161e marketingov\u00e9 pr\u00edpadov\u00e9 \u0161t\u00fadie a zistite ako sme pomohli na\u0161im klientom zv\u00fd\u0161i\u0165 zisk.","robots":{"index":"index","follow":"follow","max-snippet":"max-snippet:-1","max-image-preview":"max-image-preview:large","max-video-preview":"max-video-preview:-1"},"canonical":"https:\/\/moonmarketing.agency\/sk\/pripadove-studie\/","og_locale":"sk_SK","og_type":"article","og_title":"Case Studies","og_description":"Take a look at our marketing case studies to see how we drive growth in leads and sales for our clients.","og_url":"https:\/\/moonmarketing.agency\/sk\/pripadove-studie\/","og_site_name":"Moon Marketing Agency","article_publisher":"https:\/\/www.facebook.com\/moonmarketingagency","article_modified_time":"2021-03-29T13:15:26+00:00","twitter_card":"summary_large_image","twitter_site":"@_MoonMarketing_","twitter_misc":{"Predpokladan\u00fd \u010das \u010d\u00edtania":"1 min\u00fata"},"schema":{"@context":"https:\/\/schema.org","@graph":[{"@type":"WebPage","@id":"https:\/\/moonmarketing.agency\/case-studies\/","url":"https:\/\/moonmarketing.agency\/case-studies\/","name":"Pr\u00edpadov\u00e9 \u0161t\u00fadie","isPartOf":{"@id":"https:\/\/moonmarketing.agency\/#website"},"datePublished":"2018-09-05T06:17:41+00:00","dateModified":"2021-03-29T13:15:26+00:00","description":"Pozrite sa na na\u0161e marketingov\u00e9 pr\u00edpadov\u00e9 \u0161t\u00fadie a zistite ako sme pomohli na\u0161im klientom zv\u00fd\u0161i\u0165 zisk.","breadcrumb":{"@id":"https:\/\/moonmarketing.agency\/case-studies\/#breadcrumb"},"inLanguage":"sk-SK","potentialAction":[{"@type":"ReadAction","target":["https:\/\/moonmarketing.agency\/case-studies\/"]}]},{"@type":"BreadcrumbList","@id":"https:\/\/moonmarketing.agency\/case-studies\/#breadcrumb","itemListElement":[{"@type":"ListItem","position":1,"name":"Home","item":"https:\/\/moonmarketing.agency\/"},{"@type":"ListItem","position":2,"name":"Case Studies"}]},{"@type":"WebSite","@id":"https:\/\/moonmarketing.agency\/#website","url":"https:\/\/moonmarketing.agency\/","name":"Moon Marketing Agency","description":"Digital marketing agency","publisher":{"@id":"https:\/\/moonmarketing.agency\/#organization"},"potentialAction":[{"@type":"SearchAction","target":{"@type":"EntryPoint","urlTemplate":"https:\/\/moonmarketing.agency\/?s={search_term_string}"},"query-input":{"@type":"PropertyValueSpecification","valueRequired":true,"valueName":"search_term_string"}}],"inLanguage":"sk-SK"},{"@type":"Organization","@id":"https:\/\/moonmarketing.agency\/#organization","name":"Moon Marketing Agency","url":"https:\/\/moonmarketing.agency\/","logo":{"@type":"ImageObject","inLanguage":"sk-SK","@id":"https:\/\/moonmarketing.agency\/#\/schema\/logo\/image\/","url":"https:\/\/moonmarketing.agency\/wp-content\/uploads\/2021\/03\/transparent.png","contentUrl":"https:\/\/moonmarketing.agency\/wp-content\/uploads\/2021\/03\/transparent.png","width":1078,"height":644,"caption":"Moon Marketing Agency"},"image":{"@id":"https:\/\/moonmarketing.agency\/#\/schema\/logo\/image\/"},"sameAs":["https:\/\/www.facebook.com\/moonmarketingagency","https:\/\/x.com\/_MoonMarketing_","https:\/\/www.instagram.com\/moonmarketingagency\/","https:\/\/www.linkedin.com\/company\/moon-marketing-agency\/"]}]}},"_links":{"self":[{"href":"https:\/\/moonmarketing.agency\/sk\/wp-json\/wp\/v2\/pages\/1927"}],"collection":[{"href":"https:\/\/moonmarketing.agency\/sk\/wp-json\/wp\/v2\/pages"}],"about":[{"href":"https:\/\/moonmarketing.agency\/sk\/wp-json\/wp\/v2\/types\/page"}],"author":[{"embeddable":true,"href":"https:\/\/moonmarketing.agency\/sk\/wp-json\/wp\/v2\/users\/1"}],"replies":[{"embeddable":true,"href":"https:\/\/moonmarketing.agency\/sk\/wp-json\/wp\/v2\/comments?post=1927"}],"version-history":[{"count":6,"href":"https:\/\/moonmarketing.agency\/sk\/wp-json\/wp\/v2\/pages\/1927\/revisions"}],"predecessor-version":[{"id":3957,"href":"https:\/\/moonmarketing.agency\/sk\/wp-json\/wp\/v2\/pages\/1927\/revisions\/3957"}],"wp:attachment":[{"href":"https:\/\/moonmarketing.agency\/sk\/wp-json\/wp\/v2\/media?parent=1927"}],"curies":[{"name":"wp","href":"https:\/\/api.w.org\/{rel}","templated":true}]}}