{"id":201,"date":"2018-07-04T09:29:54","date_gmt":"2018-07-04T09:29:54","guid":{"rendered":"https:\/\/wp.xpeedstudio.com\/upturn\/?page_id=201"},"modified":"2021-03-20T09:08:17","modified_gmt":"2021-03-20T09:08:17","slug":"blog","status":"publish","type":"page","link":"https:\/\/moonmarketing.agency\/sk\/blog-sk\/","title":{"rendered":"Blog"},"content":{"rendered":"","protected":false},"excerpt":{"rendered":"","protected":false},"author":1,"featured_media":0,"parent":0,"menu_order":0,"comment_status":"closed","ping_status":"closed","template":"template\/template-blog.php","meta":{"footnotes":""},"yoast_head":"<!-- This site is optimized with the Yoast SEO plugin v23.5 - https:\/\/yoast.com\/wordpress\/plugins\/seo\/ -->\n<title>Blog<\/title>\n<meta name=\"description\" content=\"Moon Marketing Agency Blog. Get amazing ideas that you can implement today to drive results tomorrow.\" \/>\n<meta name=\"robots\" content=\"index, follow, max-snippet:-1, max-image-preview:large, max-video-preview:-1\" \/>\n<link rel=\"canonical\" href=\"https:\/\/moonmarketing.agency\/sk\/blog-sk\/\" \/>\n<meta property=\"og:locale\" content=\"sk_SK\" \/>\n<meta property=\"og:type\" content=\"article\" \/>\n<meta property=\"og:title\" content=\"Blog\" \/>\n<meta property=\"og:description\" content=\"Moon Marketing Agency Blog. Get amazing ideas that you can implement today to drive results tomorrow.\" \/>\n<meta property=\"og:url\" content=\"https:\/\/moonmarketing.agency\/sk\/blog-sk\/\" \/>\n<meta property=\"og:site_name\" content=\"Moon Marketing Agency\" \/>\n<meta property=\"article:publisher\" content=\"https:\/\/www.facebook.com\/moonmarketingagency\" \/>\n<meta property=\"article:modified_time\" content=\"2021-03-20T09:08:17+00:00\" \/>\n<meta name=\"twitter:card\" content=\"summary_large_image\" \/>\n<meta name=\"twitter:site\" content=\"@_MoonMarketing_\" \/>\n<script type=\"application\/ld+json\" class=\"yoast-schema-graph\">{\"@context\":\"https:\/\/schema.org\",\"@graph\":[{\"@type\":\"WebPage\",\"@id\":\"https:\/\/moonmarketing.agency\/sk\/blog-sk\/\",\"url\":\"https:\/\/moonmarketing.agency\/sk\/blog-sk\/\",\"name\":\"Blog\",\"isPartOf\":{\"@id\":\"https:\/\/moonmarketing.agency\/#website\"},\"datePublished\":\"2018-07-04T09:29:54+00:00\",\"dateModified\":\"2021-03-20T09:08:17+00:00\",\"description\":\"Moon Marketing Agency Blog. Get amazing ideas that you can implement today to drive results tomorrow.\",\"breadcrumb\":{\"@id\":\"https:\/\/moonmarketing.agency\/sk\/blog-sk\/#breadcrumb\"},\"inLanguage\":\"sk-SK\",\"potentialAction\":[{\"@type\":\"ReadAction\",\"target\":[\"https:\/\/moonmarketing.agency\/sk\/blog-sk\/\"]}]},{\"@type\":\"BreadcrumbList\",\"@id\":\"https:\/\/moonmarketing.agency\/sk\/blog-sk\/#breadcrumb\",\"itemListElement\":[{\"@type\":\"ListItem\",\"position\":1,\"name\":\"Home\",\"item\":\"https:\/\/moonmarketing.agency\/\"},{\"@type\":\"ListItem\",\"position\":2,\"name\":\"Blog\"}]},{\"@type\":\"WebSite\",\"@id\":\"https:\/\/moonmarketing.agency\/#website\",\"url\":\"https:\/\/moonmarketing.agency\/\",\"name\":\"Moon Marketing Agency\",\"description\":\"Digital marketing agency\",\"publisher\":{\"@id\":\"https:\/\/moonmarketing.agency\/#organization\"},\"potentialAction\":[{\"@type\":\"SearchAction\",\"target\":{\"@type\":\"EntryPoint\",\"urlTemplate\":\"https:\/\/moonmarketing.agency\/?s={search_term_string}\"},\"query-input\":{\"@type\":\"PropertyValueSpecification\",\"valueRequired\":true,\"valueName\":\"search_term_string\"}}],\"inLanguage\":\"sk-SK\"},{\"@type\":\"Organization\",\"@id\":\"https:\/\/moonmarketing.agency\/#organization\",\"name\":\"Moon Marketing Agency\",\"url\":\"https:\/\/moonmarketing.agency\/\",\"logo\":{\"@type\":\"ImageObject\",\"inLanguage\":\"sk-SK\",\"@id\":\"https:\/\/moonmarketing.agency\/#\/schema\/logo\/image\/\",\"url\":\"https:\/\/moonmarketing.agency\/wp-content\/uploads\/2021\/03\/transparent.png\",\"contentUrl\":\"https:\/\/moonmarketing.agency\/wp-content\/uploads\/2021\/03\/transparent.png\",\"width\":1078,\"height\":644,\"caption\":\"Moon Marketing Agency\"},\"image\":{\"@id\":\"https:\/\/moonmarketing.agency\/#\/schema\/logo\/image\/\"},\"sameAs\":[\"https:\/\/www.facebook.com\/moonmarketingagency\",\"https:\/\/x.com\/_MoonMarketing_\",\"https:\/\/www.instagram.com\/moonmarketingagency\/\",\"https:\/\/www.linkedin.com\/company\/moon-marketing-agency\/\"]}]}<\/script>\n<!-- \/ Yoast SEO plugin. -->","yoast_head_json":{"title":"Blog","description":"N\u00e1\u0161 blog. Z\u00edskajte \u00fa\u017easn\u00e9 n\u00e1pady, ktor\u00e9 m\u00f4\u017eete implementova\u0165 e\u0161te dnes.","robots":{"index":"index","follow":"follow","max-snippet":"max-snippet:-1","max-image-preview":"max-image-preview:large","max-video-preview":"max-video-preview:-1"},"canonical":"https:\/\/moonmarketing.agency\/sk\/blog-sk\/","og_locale":"sk_SK","og_type":"article","og_title":"Blog","og_description":"Moon Marketing Agency Blog. Get amazing ideas that you can implement today to drive results tomorrow.","og_url":"https:\/\/moonmarketing.agency\/sk\/blog-sk\/","og_site_name":"Moon Marketing Agency","article_publisher":"https:\/\/www.facebook.com\/moonmarketingagency","article_modified_time":"2021-03-20T09:08:17+00:00","twitter_card":"summary_large_image","twitter_site":"@_MoonMarketing_","schema":{"@context":"https:\/\/schema.org","@graph":[{"@type":"WebPage","@id":"https:\/\/moonmarketing.agency\/sk\/blog-sk\/","url":"https:\/\/moonmarketing.agency\/sk\/blog-sk\/","name":"Blog","isPartOf":{"@id":"https:\/\/moonmarketing.agency\/#website"},"datePublished":"2018-07-04T09:29:54+00:00","dateModified":"2021-03-20T09:08:17+00:00","description":"N\u00e1\u0161 blog. Z\u00edskajte \u00fa\u017easn\u00e9 n\u00e1pady, ktor\u00e9 m\u00f4\u017eete implementova\u0165 e\u0161te dnes.","breadcrumb":{"@id":"https:\/\/moonmarketing.agency\/sk\/blog-sk\/#breadcrumb"},"inLanguage":"sk-SK","potentialAction":[{"@type":"ReadAction","target":["https:\/\/moonmarketing.agency\/sk\/blog-sk\/"]}]},{"@type":"BreadcrumbList","@id":"https:\/\/moonmarketing.agency\/sk\/blog-sk\/#breadcrumb","itemListElement":[{"@type":"ListItem","position":1,"name":"Home","item":"https:\/\/moonmarketing.agency\/"},{"@type":"ListItem","position":2,"name":"Blog"}]},{"@type":"WebSite","@id":"https:\/\/moonmarketing.agency\/#website","url":"https:\/\/moonmarketing.agency\/","name":"Moon Marketing Agency","description":"Digital marketing agency","publisher":{"@id":"https:\/\/moonmarketing.agency\/#organization"},"potentialAction":[{"@type":"SearchAction","target":{"@type":"EntryPoint","urlTemplate":"https:\/\/moonmarketing.agency\/?s={search_term_string}"},"query-input":{"@type":"PropertyValueSpecification","valueRequired":true,"valueName":"search_term_string"}}],"inLanguage":"sk-SK"},{"@type":"Organization","@id":"https:\/\/moonmarketing.agency\/#organization","name":"Moon Marketing Agency","url":"https:\/\/moonmarketing.agency\/","logo":{"@type":"ImageObject","inLanguage":"sk-SK","@id":"https:\/\/moonmarketing.agency\/#\/schema\/logo\/image\/","url":"https:\/\/moonmarketing.agency\/wp-content\/uploads\/2021\/03\/transparent.png","contentUrl":"https:\/\/moonmarketing.agency\/wp-content\/uploads\/2021\/03\/transparent.png","width":1078,"height":644,"caption":"Moon Marketing Agency"},"image":{"@id":"https:\/\/moonmarketing.agency\/#\/schema\/logo\/image\/"},"sameAs":["https:\/\/www.facebook.com\/moonmarketingagency","https:\/\/x.com\/_MoonMarketing_","https:\/\/www.instagram.com\/moonmarketingagency\/","https:\/\/www.linkedin.com\/company\/moon-marketing-agency\/"]}]}},"_links":{"self":[{"href":"https:\/\/moonmarketing.agency\/sk\/wp-json\/wp\/v2\/pages\/201"}],"collection":[{"href":"https:\/\/moonmarketing.agency\/sk\/wp-json\/wp\/v2\/pages"}],"about":[{"href":"https:\/\/moonmarketing.agency\/sk\/wp-json\/wp\/v2\/types\/page"}],"author":[{"embeddable":true,"href":"https:\/\/moonmarketing.agency\/sk\/wp-json\/wp\/v2\/users\/1"}],"replies":[{"embeddable":true,"href":"https:\/\/moonmarketing.agency\/sk\/wp-json\/wp\/v2\/comments?post=201"}],"version-history":[{"count":1,"href":"https:\/\/moonmarketing.agency\/sk\/wp-json\/wp\/v2\/pages\/201\/revisions"}],"predecessor-version":[{"id":3813,"href":"https:\/\/moonmarketing.agency\/sk\/wp-json\/wp\/v2\/pages\/201\/revisions\/3813"}],"wp:attachment":[{"href":"https:\/\/moonmarketing.agency\/sk\/wp-json\/wp\/v2\/media?parent=201"}],"curies":[{"name":"wp","href":"https:\/\/api.w.org\/{rel}","templated":true}]}}