{"id":697,"date":"2018-07-17T10:29:46","date_gmt":"2018-07-17T10:29:46","guid":{"rendered":"https:\/\/wp.xpeedstudio.com\/upturn\/?page_id=697"},"modified":"2021-03-24T19:38:27","modified_gmt":"2021-03-24T19:38:27","slug":"contact","status":"publish","type":"page","link":"https:\/\/moonmarketing.agency\/sk\/kontakt\/","title":{"rendered":"Kontakt"},"content":{"rendered":"<div data-elementor-type=\"wp-post\" data-elementor-id=\"697\" class=\"elementor elementor-697\">\n\t\t\t\t\t\t<section class=\"elementor-section elementor-top-section elementor-element elementor-element-69c8d6b elementor-section-boxed elementor-section-height-default elementor-section-height-default\" data-id=\"69c8d6b\" data-element_type=\"section\">\n\t\t\t\t\t\t<div class=\"elementor-container elementor-column-gap-default\">\n\t\t\t\t\t<div class=\"elementor-column elementor-col-33 elementor-top-column elementor-element elementor-element-9f6dce3\" data-id=\"9f6dce3\" data-element_type=\"column\">\n\t\t\t<div class=\"elementor-widget-wrap\">\n\t\t\t\t\t\t\t<\/div>\n\t\t<\/div>\n\t\t\t\t<div class=\"elementor-column elementor-col-33 elementor-top-column elementor-element elementor-element-cec18ff\" data-id=\"cec18ff\" data-element_type=\"column\">\n\t\t\t<div class=\"elementor-widget-wrap elementor-element-populated\">\n\t\t\t\t\t\t<div class=\"elementor-element elementor-element-2ebe261 elementor-widget elementor-widget-xs-heading\" data-id=\"2ebe261\" data-element_type=\"widget\" data-settings=\"{&quot;ekit_we_effect_on&quot;:&quot;none&quot;}\" data-widget_type=\"xs-heading.default\">\n\t\t\t\t<div class=\"elementor-widget-container\">\n\t\t\t\t\t<div class=\"xs-heading text-center\">\n            <h2 class=\"section-title\">Kontaktujte n\u00e1s<\/h2>\n                <span class=\"line\"><\/span>\n    <\/div> \t\t\t\t<\/div>\n\t\t\t\t<\/div>\n\t\t\t\t<section class=\"elementor-section elementor-inner-section elementor-element elementor-element-c24cfda contact-widget elementor-section-boxed elementor-section-height-default elementor-section-height-default\" data-id=\"c24cfda\" data-element_type=\"section\">\n\t\t\t\t\t\t<div class=\"elementor-container elementor-column-gap-default\">\n\t\t\t\t\t<div class=\"elementor-column elementor-col-33 elementor-inner-column elementor-element elementor-element-84a3bcc\" data-id=\"84a3bcc\" data-element_type=\"column\">\n\t\t\t<div class=\"elementor-widget-wrap elementor-element-populated\">\n\t\t\t\t\t\t<div class=\"elementor-element elementor-element-fbf6575 elementor-view-default elementor-position-top elementor-mobile-position-top elementor-widget elementor-widget-icon-box\" data-id=\"fbf6575\" data-element_type=\"widget\" data-settings=\"{&quot;ekit_we_effect_on&quot;:&quot;none&quot;}\" data-widget_type=\"icon-box.default\">\n\t\t\t\t<div class=\"elementor-widget-container\">\n\t\t\t\t\t\t\t<div class=\"elementor-icon-box-wrapper\">\n\n\t\t\t\t\t\t<div class=\"elementor-icon-box-icon\">\n\t\t\t\t<span  class=\"elementor-icon\">\n\t\t\t\t<i aria-hidden=\"true\" class=\"far fa-address-book\"><\/i>\t\t\t\t<\/span>\n\t\t\t<\/div>\n\t\t\t\n\t\t\t\t\t\t<div class=\"elementor-icon-box-content\">\n\n\t\t\t\t\n\t\t\t\t\t\t\t\t\t<p class=\"elementor-icon-box-description\">\n\t\t\t\t\t\t<a href=\"https:\/\/goo.gl\/maps\/dPQBnjghEFuFoURE7\"_blank\" class=\"info-content\">Fu\u010d\u00edkova 965\/23 085 01 Bardejov, Slovensko<\/a>\t\t\t\t\t<\/p>\n\t\t\t\t\n\t\t\t<\/div>\n\t\t\t\n\t\t<\/div>\n\t\t\t\t\t\t<\/div>\n\t\t\t\t<\/div>\n\t\t\t\t\t<\/div>\n\t\t<\/div>\n\t\t\t\t<div class=\"elementor-column elementor-col-33 elementor-inner-column elementor-element elementor-element-7f2af97\" data-id=\"7f2af97\" data-element_type=\"column\">\n\t\t\t<div class=\"elementor-widget-wrap elementor-element-populated\">\n\t\t\t\t\t\t<div class=\"elementor-element elementor-element-c992283 elementor-view-default elementor-position-top elementor-mobile-position-top elementor-widget elementor-widget-icon-box\" data-id=\"c992283\" data-element_type=\"widget\" data-settings=\"{&quot;ekit_we_effect_on&quot;:&quot;none&quot;}\" data-widget_type=\"icon-box.default\">\n\t\t\t\t<div class=\"elementor-widget-container\">\n\t\t\t\t\t\t\t<div class=\"elementor-icon-box-wrapper\">\n\n\t\t\t\t\t\t<div class=\"elementor-icon-box-icon\">\n\t\t\t\t<span  class=\"elementor-icon\">\n\t\t\t\t<i aria-hidden=\"true\" class=\"fas fa-phone\"><\/i>\t\t\t\t<\/span>\n\t\t\t<\/div>\n\t\t\t\n\t\t\t\t\t\t<div class=\"elementor-icon-box-content\">\n\n\t\t\t\t\n\t\t\t\t\t\t\t\t\t<p class=\"elementor-icon-box-description\">\n\t\t\t\t\t\t<a href=\"callto:+421917373508\" class=\"info-content\">+421 917 373 508<\/a>\n                                \t\t\t\t\t<\/p>\n\t\t\t\t\n\t\t\t<\/div>\n\t\t\t\n\t\t<\/div>\n\t\t\t\t\t\t<\/div>\n\t\t\t\t<\/div>\n\t\t\t\t\t<\/div>\n\t\t<\/div>\n\t\t\t\t<div class=\"elementor-column elementor-col-33 elementor-inner-column elementor-element elementor-element-f454346\" data-id=\"f454346\" data-element_type=\"column\">\n\t\t\t<div class=\"elementor-widget-wrap elementor-element-populated\">\n\t\t\t\t\t\t<div class=\"elementor-element elementor-element-6038001 elementor-view-default elementor-position-top elementor-mobile-position-top elementor-widget elementor-widget-icon-box\" data-id=\"6038001\" data-element_type=\"widget\" data-settings=\"{&quot;ekit_we_effect_on&quot;:&quot;none&quot;}\" data-widget_type=\"icon-box.default\">\n\t\t\t\t<div class=\"elementor-widget-container\">\n\t\t\t\t\t\t\t<div class=\"elementor-icon-box-wrapper\">\n\n\t\t\t\t\t\t<div class=\"elementor-icon-box-icon\">\n\t\t\t\t<span  class=\"elementor-icon\">\n\t\t\t\t<i aria-hidden=\"true\" class=\"icon icon-email\"><\/i>\t\t\t\t<\/span>\n\t\t\t<\/div>\n\t\t\t\n\t\t\t\t\t\t<div class=\"elementor-icon-box-content\">\n\n\t\t\t\t\n\t\t\t\t\t\t\t\t\t<p class=\"elementor-icon-box-description\">\n\t\t\t\t\t\t<a href=\"mailto:hello@moonmarketing.agenc\" class=\"info-content\">hello@moonmarketing.agency<\/a>\n                                \t\t\t\t\t<\/p>\n\t\t\t\t\n\t\t\t<\/div>\n\t\t\t\n\t\t<\/div>\n\t\t\t\t\t\t<\/div>\n\t\t\t\t<\/div>\n\t\t\t\t\t<\/div>\n\t\t<\/div>\n\t\t\t\t\t<\/div>\n\t\t<\/section>\n\t\t\t\t\t<\/div>\n\t\t<\/div>\n\t\t\t\t<div class=\"elementor-column elementor-col-33 elementor-top-column elementor-element elementor-element-dcb8902\" data-id=\"dcb8902\" data-element_type=\"column\">\n\t\t\t<div class=\"elementor-widget-wrap\">\n\t\t\t\t\t\t\t<\/div>\n\t\t<\/div>\n\t\t\t\t\t<\/div>\n\t\t<\/section>\n\t\t\t\t<section class=\"elementor-section elementor-top-section elementor-element elementor-element-bf516ae elementor-section-boxed elementor-section-height-default elementor-section-height-default\" data-id=\"bf516ae\" data-element_type=\"section\">\n\t\t\t\t\t\t<div class=\"elementor-container elementor-column-gap-default\">\n\t\t\t\t\t<div class=\"elementor-column elementor-col-100 elementor-top-column elementor-element elementor-element-01f8c7f\" data-id=\"01f8c7f\" data-element_type=\"column\">\n\t\t\t<div class=\"elementor-widget-wrap elementor-element-populated\">\n\t\t\t\t\t\t<div class=\"elementor-element elementor-element-141da95 elementor-widget elementor-widget-text-editor\" data-id=\"141da95\" data-element_type=\"widget\" data-settings=\"{&quot;ekit_we_effect_on&quot;:&quot;none&quot;}\" data-widget_type=\"text-editor.default\">\n\t\t\t\t<div class=\"elementor-widget-container\">\n\t\t\t\t\t\t\t\t\t<p>You\u2019ve got nothing to lose with a quick conversation and a free quote!<\/p><p>Zavolajte n\u00e1m alebo vypl\u0148te formul\u00e1r ni\u017e\u0161ie a my sa v\u00e1m ozveme.<\/p>\t\t\t\t\t\t\t\t<\/div>\n\t\t\t\t<\/div>\n\t\t\t\t<div class=\"elementor-element elementor-element-d523d83 elementor-widget elementor-widget-elementskit-contact-form7\" data-id=\"d523d83\" data-element_type=\"widget\" data-settings=\"{&quot;ekit_we_effect_on&quot;:&quot;none&quot;}\" data-widget_type=\"elementskit-contact-form7.default\">\n\t\t\t\t<div class=\"elementor-widget-container\">\n\t\t\t\t\t<div class=\"ekit-wid-con\" ><div class=\"ekit-form\">\n<div class=\"wpcf7 no-js\" id=\"wpcf7-f5-o1\" lang=\"en-US\" dir=\"ltr\">\n<div class=\"screen-reader-response\"><p role=\"status\" aria-live=\"polite\" aria-atomic=\"true\"><\/p> <ul><\/ul><\/div>\n<form action=\"\/sk\/wp-json\/wp\/v2\/pages\/697#wpcf7-f5-o1\" method=\"post\" class=\"wpcf7-form init\" aria-label=\"Contact form\" novalidate=\"novalidate\" data-status=\"init\" data-trp-original-action=\"\/sk\/wp-json\/wp\/v2\/pages\/697#wpcf7-f5-o1\">\n<div style=\"display: none;\">\n<input type=\"hidden\" name=\"_wpcf7\" value=\"5\" \/>\n<input type=\"hidden\" name=\"_wpcf7_version\" value=\"5.9.8\" \/>\n<input type=\"hidden\" name=\"_wpcf7_locale\" value=\"en_US\" \/>\n<input type=\"hidden\" name=\"_wpcf7_unit_tag\" value=\"wpcf7-f5-o1\" \/>\n<input type=\"hidden\" name=\"_wpcf7_container_post\" value=\"0\" \/>\n<input type=\"hidden\" name=\"_wpcf7_posted_data_hash\" value=\"\" \/>\n<input type=\"hidden\" name=\"_wpcf7_recaptcha_response\" value=\"\" \/>\n<\/div>\n<div class=\"contact-from-wraper wow fadeIn\">\n\t<div class=\"xs-from\" id=\"xs-contact-form\">\n\t\t<div class=\"row\">\n\t\t\t<div class=\"col-lg-6\">\n\t\t\t\t<div class=\"form-group\">\n\t\t\t\t\t<p><span class=\"wpcf7-form-control-wrap\" data-name=\"your-name\"><input size=\"40\" maxlength=\"400\" class=\"wpcf7-form-control wpcf7-text form-control\" id=\"xs_contact_name\" aria-invalid=\"false\" placeholder=\"Meno *\" value=\"\" type=\"text\" name=\"your-name\" \/><\/span>\n\t\t\t\t\t<\/p>\n\t\t\t\t<\/div>\n\t\t\t<\/div>\n\t\t\t<div class=\"col-lg-6\">\n\t\t\t\t<div class=\"form-group\">\n\t\t\t\t\t<p><span class=\"wpcf7-form-control-wrap\" data-name=\"your-email\"><input size=\"40\" maxlength=\"400\" class=\"wpcf7-form-control wpcf7-email wpcf7-validates-as-required wpcf7-text wpcf7-validates-as-email form-control\" id=\"xs_contact_email\" aria-required=\"true\" aria-invalid=\"false\" placeholder=\"Email *\" value=\"\" type=\"email\" name=\"your-email\" \/><\/span>\n\t\t\t\t\t<\/p>\n\t\t\t\t<\/div>\n\t\t\t<\/div>\n\t\t\t<div class=\"col-lg-6\">\n\t\t\t\t<div class=\"form-group\">\n\t\t\t\t\t<p><span class=\"wpcf7-form-control-wrap\" data-name=\"your-phone\"><input size=\"40\" maxlength=\"400\" class=\"wpcf7-form-control wpcf7-tel wpcf7-validates-as-required wpcf7-text wpcf7-validates-as-tel form-control\" id=\"xs_contact_phone\" aria-required=\"true\" aria-invalid=\"false\" placeholder=\"Tel. \u010d\u00edslo *\" value=\"\" type=\"tel\" name=\"your-phone\" \/><\/span>\n\t\t\t\t\t<\/p>\n\t\t\t\t<\/div>\n\t\t\t<\/div>\n\t\t\t<div class=\"col-lg-6\">\n\t\t\t\t<div class=\"form-group\">\n\t\t\t\t\t<p><span class=\"wpcf7-form-control-wrap\" data-name=\"your-subject\"><input size=\"40\" maxlength=\"400\" class=\"wpcf7-form-control wpcf7-text form-control\" id=\"xs_contact_subject\" aria-invalid=\"false\" placeholder=\"Predmet\" value=\"\" type=\"text\" name=\"your-subject\" \/><\/span>\n\t\t\t\t\t<\/p>\n\t\t\t\t<\/div>\n\t\t\t<\/div>\n\t\t<\/div>\n\t\t<div class=\"form-group\">\n\t\t\t<p><span class=\"wpcf7-form-control-wrap\" data-name=\"your-message\"><textarea cols=\"40\" rows=\"10\" maxlength=\"2000\" class=\"wpcf7-form-control wpcf7-textarea form-control\" id=\"x_contact_massage\" aria-invalid=\"false\" name=\"your-message\">Your Message *<\/textarea><\/span>\n\t\t\t<\/p>\n\t\t<\/div>\n\t\t<div class=\"text-center\">\n\t\t\t<p><input class=\"wpcf7-form-control wpcf7-submit has-spinner btn btn-primary style2\" id=\"xs_contact_submit\" type=\"submit\" value=\"Odosla\u0165\" \/>\n\t\t\t<\/p>\n\t\t<\/div>\n\t<\/div>\n<\/div><div class=\"wpcf7-response-output\" aria-hidden=\"true\"><\/div>\n<input type=\"hidden\" name=\"trp-form-language\" value=\"sk\"\/><\/form>\n<\/div>\n<\/div><\/div>\t\t\t\t<\/div>\n\t\t\t\t<\/div>\n\t\t\t\t<div class=\"elementor-element elementor-element-7b57bb9 elementor-widget elementor-widget-google_maps\" data-id=\"7b57bb9\" data-element_type=\"widget\" data-settings=\"{&quot;ekit_we_effect_on&quot;:&quot;none&quot;}\" data-widget_type=\"google_maps.default\">\n\t\t\t\t<div class=\"elementor-widget-container\">\n\t\t\t\t\t\t\t<div class=\"elementor-custom-embed\">\n\t\t\t<iframe\n\t\t\t\t\tdata-src=\"https:\/\/maps.google.com\/maps?q=49.2959237%2C21.2703878&t=m&z=15&output=embed&iwloc=near\"\n\t\t\t\t\ttitle=\"49.2959237,21.2703878\"\n\t\t\t\t\taria-label=\"49.2959237,21.2703878\"\n\t\t\t src=\"data:image\/svg+xml;base64,PHN2ZyB3aWR0aD0iMSIgaGVpZ2h0PSIxIiB4bWxucz0iaHR0cDovL3d3dy53My5vcmcvMjAwMC9zdmciPjwvc3ZnPg==\" class=\"lazyload\" data-load-mode=\"1\"><\/iframe>\n\t\t<\/div>\n\t\t\t\t\t\t<\/div>\n\t\t\t\t<\/div>\n\t\t\t\t\t<\/div>\n\t\t<\/div>\n\t\t\t\t\t<\/div>\n\t\t<\/section>\n\t\t\t\t<section class=\"elementor-section elementor-top-section elementor-element elementor-element-252fce7 elementor-section-boxed elementor-section-height-default elementor-section-height-default\" data-id=\"252fce7\" data-element_type=\"section\">\n\t\t\t\t\t\t<div class=\"elementor-container elementor-column-gap-default\">\n\t\t\t\t\t<div class=\"elementor-column elementor-col-100 elementor-top-column elementor-element elementor-element-85abdf1\" data-id=\"85abdf1\" data-element_type=\"column\">\n\t\t\t<div class=\"elementor-widget-wrap\">\n\t\t\t\t\t\t\t<\/div>\n\t\t<\/div>\n\t\t\t\t\t<\/div>\n\t\t<\/section>\n\t\t\t\t<\/div>","protected":false},"excerpt":{"rendered":"<p>Kontaktujte n\u00e1s<\/p>","protected":false},"author":1,"featured_media":0,"parent":0,"menu_order":0,"comment_status":"closed","ping_status":"closed","template":"template\/template-full-width.php","meta":{"footnotes":""},"yoast_head":"<!-- This site is optimized with the Yoast SEO plugin v23.5 - https:\/\/yoast.com\/wordpress\/plugins\/seo\/ -->\n<title>Contact<\/title>\n<meta name=\"description\" content=\"You\u2019ve got nothing to lose with a quick conversation and a free quote! Give us a call or fill out the contact form below to get the ball rolling.\" \/>\n<meta name=\"robots\" content=\"index, follow, max-snippet:-1, max-image-preview:large, max-video-preview:-1\" \/>\n<link rel=\"canonical\" href=\"https:\/\/moonmarketing.agency\/sk\/kontakt\/\" \/>\n<meta property=\"og:locale\" content=\"sk_SK\" \/>\n<meta property=\"og:type\" content=\"article\" \/>\n<meta property=\"og:title\" content=\"Contact\" \/>\n<meta property=\"og:description\" content=\"You\u2019ve got nothing to lose with a quick conversation and a free quote! Give us a call or fill out the contact form below to get the ball rolling.\" \/>\n<meta property=\"og:url\" content=\"https:\/\/moonmarketing.agency\/sk\/kontakt\/\" \/>\n<meta property=\"og:site_name\" content=\"Moon Marketing Agency\" \/>\n<meta property=\"article:publisher\" content=\"https:\/\/www.facebook.com\/moonmarketingagency\" \/>\n<meta property=\"article:modified_time\" content=\"2021-03-24T19:38:27+00:00\" \/>\n<meta name=\"twitter:card\" content=\"summary_large_image\" \/>\n<meta name=\"twitter:site\" content=\"@_MoonMarketing_\" \/>\n<meta name=\"twitter:label1\" content=\"Predpokladan\u00fd \u010das \u010d\u00edtania\" \/>\n\t<meta name=\"twitter:data1\" content=\"1 min\u00fata\" \/>\n<script type=\"application\/ld+json\" class=\"yoast-schema-graph\">{\"@context\":\"https:\/\/schema.org\",\"@graph\":[{\"@type\":\"WebPage\",\"@id\":\"https:\/\/moonmarketing.agency\/contact\/\",\"url\":\"https:\/\/moonmarketing.agency\/contact\/\",\"name\":\"Contact\",\"isPartOf\":{\"@id\":\"https:\/\/moonmarketing.agency\/#website\"},\"datePublished\":\"2018-07-17T10:29:46+00:00\",\"dateModified\":\"2021-03-24T19:38:27+00:00\",\"description\":\"You\u2019ve got nothing to lose with a quick conversation and a free quote! Give us a call or fill out the contact form below to get the ball rolling.\",\"breadcrumb\":{\"@id\":\"https:\/\/moonmarketing.agency\/contact\/#breadcrumb\"},\"inLanguage\":\"sk-SK\",\"potentialAction\":[{\"@type\":\"ReadAction\",\"target\":[\"https:\/\/moonmarketing.agency\/contact\/\"]}]},{\"@type\":\"BreadcrumbList\",\"@id\":\"https:\/\/moonmarketing.agency\/contact\/#breadcrumb\",\"itemListElement\":[{\"@type\":\"ListItem\",\"position\":1,\"name\":\"Home\",\"item\":\"https:\/\/moonmarketing.agency\/\"},{\"@type\":\"ListItem\",\"position\":2,\"name\":\"Contact\"}]},{\"@type\":\"WebSite\",\"@id\":\"https:\/\/moonmarketing.agency\/#website\",\"url\":\"https:\/\/moonmarketing.agency\/\",\"name\":\"Moon Marketing Agency\",\"description\":\"Digital marketing agency\",\"publisher\":{\"@id\":\"https:\/\/moonmarketing.agency\/#organization\"},\"potentialAction\":[{\"@type\":\"SearchAction\",\"target\":{\"@type\":\"EntryPoint\",\"urlTemplate\":\"https:\/\/moonmarketing.agency\/?s={search_term_string}\"},\"query-input\":{\"@type\":\"PropertyValueSpecification\",\"valueRequired\":true,\"valueName\":\"search_term_string\"}}],\"inLanguage\":\"sk-SK\"},{\"@type\":\"Organization\",\"@id\":\"https:\/\/moonmarketing.agency\/#organization\",\"name\":\"Moon Marketing Agency\",\"url\":\"https:\/\/moonmarketing.agency\/\",\"logo\":{\"@type\":\"ImageObject\",\"inLanguage\":\"sk-SK\",\"@id\":\"https:\/\/moonmarketing.agency\/#\/schema\/logo\/image\/\",\"url\":\"https:\/\/moonmarketing.agency\/wp-content\/uploads\/2021\/03\/transparent.png\",\"contentUrl\":\"https:\/\/moonmarketing.agency\/wp-content\/uploads\/2021\/03\/transparent.png\",\"width\":1078,\"height\":644,\"caption\":\"Moon Marketing Agency\"},\"image\":{\"@id\":\"https:\/\/moonmarketing.agency\/#\/schema\/logo\/image\/\"},\"sameAs\":[\"https:\/\/www.facebook.com\/moonmarketingagency\",\"https:\/\/x.com\/_MoonMarketing_\",\"https:\/\/www.instagram.com\/moonmarketingagency\/\",\"https:\/\/www.linkedin.com\/company\/moon-marketing-agency\/\"]}]}<\/script>\n<!-- \/ Yoast SEO plugin. -->","yoast_head_json":{"title":"Kontakt","description":"Rozbehnite svoje podnikanie naplno! Zavolajte n\u00e1m na telef\u00f3nne \u010d\u00edslo +421 917 373 508 alebo vypl\u0148te kontaktn\u00fd formul\u00e1r ni\u017e\u0161ie a mi sa v\u00e1m ozveme.","robots":{"index":"index","follow":"follow","max-snippet":"max-snippet:-1","max-image-preview":"max-image-preview:large","max-video-preview":"max-video-preview:-1"},"canonical":"https:\/\/moonmarketing.agency\/sk\/kontakt\/","og_locale":"sk_SK","og_type":"article","og_title":"Contact","og_description":"You\u2019ve got nothing to lose with a quick conversation and a free quote! Give us a call or fill out the contact form below to get the ball rolling.","og_url":"https:\/\/moonmarketing.agency\/sk\/kontakt\/","og_site_name":"Moon Marketing Agency","article_publisher":"https:\/\/www.facebook.com\/moonmarketingagency","article_modified_time":"2021-03-24T19:38:27+00:00","twitter_card":"summary_large_image","twitter_site":"@_MoonMarketing_","twitter_misc":{"Predpokladan\u00fd \u010das \u010d\u00edtania":"1 min\u00fata"},"schema":{"@context":"https:\/\/schema.org","@graph":[{"@type":"WebPage","@id":"https:\/\/moonmarketing.agency\/contact\/","url":"https:\/\/moonmarketing.agency\/contact\/","name":"Kontakt","isPartOf":{"@id":"https:\/\/moonmarketing.agency\/#website"},"datePublished":"2018-07-17T10:29:46+00:00","dateModified":"2021-03-24T19:38:27+00:00","description":"Rozbehnite svoje podnikanie naplno! Zavolajte n\u00e1m na telef\u00f3nne \u010d\u00edslo +421 917 373 508 alebo vypl\u0148te kontaktn\u00fd formul\u00e1r ni\u017e\u0161ie a mi sa v\u00e1m ozveme.","breadcrumb":{"@id":"https:\/\/moonmarketing.agency\/contact\/#breadcrumb"},"inLanguage":"sk-SK","potentialAction":[{"@type":"ReadAction","target":["https:\/\/moonmarketing.agency\/contact\/"]}]},{"@type":"BreadcrumbList","@id":"https:\/\/moonmarketing.agency\/contact\/#breadcrumb","itemListElement":[{"@type":"ListItem","position":1,"name":"Home","item":"https:\/\/moonmarketing.agency\/"},{"@type":"ListItem","position":2,"name":"Contact"}]},{"@type":"WebSite","@id":"https:\/\/moonmarketing.agency\/#website","url":"https:\/\/moonmarketing.agency\/","name":"Moon Marketing Agency","description":"Digital marketing agency","publisher":{"@id":"https:\/\/moonmarketing.agency\/#organization"},"potentialAction":[{"@type":"SearchAction","target":{"@type":"EntryPoint","urlTemplate":"https:\/\/moonmarketing.agency\/?s={search_term_string}"},"query-input":{"@type":"PropertyValueSpecification","valueRequired":true,"valueName":"search_term_string"}}],"inLanguage":"sk-SK"},{"@type":"Organization","@id":"https:\/\/moonmarketing.agency\/#organization","name":"Moon Marketing Agency","url":"https:\/\/moonmarketing.agency\/","logo":{"@type":"ImageObject","inLanguage":"sk-SK","@id":"https:\/\/moonmarketing.agency\/#\/schema\/logo\/image\/","url":"https:\/\/moonmarketing.agency\/wp-content\/uploads\/2021\/03\/transparent.png","contentUrl":"https:\/\/moonmarketing.agency\/wp-content\/uploads\/2021\/03\/transparent.png","width":1078,"height":644,"caption":"Moon Marketing Agency"},"image":{"@id":"https:\/\/moonmarketing.agency\/#\/schema\/logo\/image\/"},"sameAs":["https:\/\/www.facebook.com\/moonmarketingagency","https:\/\/x.com\/_MoonMarketing_","https:\/\/www.instagram.com\/moonmarketingagency\/","https:\/\/www.linkedin.com\/company\/moon-marketing-agency\/"]}]}},"_links":{"self":[{"href":"https:\/\/moonmarketing.agency\/sk\/wp-json\/wp\/v2\/pages\/697"}],"collection":[{"href":"https:\/\/moonmarketing.agency\/sk\/wp-json\/wp\/v2\/pages"}],"about":[{"href":"https:\/\/moonmarketing.agency\/sk\/wp-json\/wp\/v2\/types\/page"}],"author":[{"embeddable":true,"href":"https:\/\/moonmarketing.agency\/sk\/wp-json\/wp\/v2\/users\/1"}],"replies":[{"embeddable":true,"href":"https:\/\/moonmarketing.agency\/sk\/wp-json\/wp\/v2\/comments?post=697"}],"version-history":[{"count":10,"href":"https:\/\/moonmarketing.agency\/sk\/wp-json\/wp\/v2\/pages\/697\/revisions"}],"predecessor-version":[{"id":3879,"href":"https:\/\/moonmarketing.agency\/sk\/wp-json\/wp\/v2\/pages\/697\/revisions\/3879"}],"wp:attachment":[{"href":"https:\/\/moonmarketing.agency\/sk\/wp-json\/wp\/v2\/media?parent=697"}],"curies":[{"name":"wp","href":"https:\/\/api.w.org\/{rel}","templated":true}]}}